{"id":9975,"date":"2026-02-15T18:15:55","date_gmt":"2026-02-15T15:15:55","guid":{"rendered":"https:\/\/moi-dom.md\/product\/lumanare-parfumata-ming-mandarin-matcha\/"},"modified":"2026-02-15T18:15:55","modified_gmt":"2026-02-15T15:15:55","slug":"lumanare-parfumata-ming-mandarin-matcha","status":"publish","type":"product","link":"https:\/\/moi-dom.md\/ro\/produs\/lumanare-parfumata-ming-mandarin-matcha\/","title":{"rendered":"Lum\u00e2nare parfumat\u0103 Ming Mandarin &amp; Matcha"},"content":{"rendered":"<p class=\"p1\">Lum\u00e2narea aromat\u0103 Ming Mandarin &amp; Matcha este o modalitate rapid\u0103 de a crea o atmosfer\u0103 pl\u0103cut\u0103 \u00een cas\u0103: aprinde\u021bi lum\u00e2narea \u0219i atmosfera se schimb\u0103 instantaneu. Mandarina proasp\u0103t\u0103 confer\u0103 o u\u0219oar\u0103 str\u0103lucire, iar matcha adaug\u0103 o profunzime calm\u0103, f\u0103r\u0103 a fi prea dulce. Borcanul cu capac arat\u0103 ca un obiect decorativ \u0219i este perfect pentru a fi oferit cadou.  <\/p>\n","protected":false},"excerpt":{"rendered":"<p class=\"p1\">Lum\u00e2nare aromat\u0103 \u00eentr-un borcan decorativ cu capac \u0219i cutie cadou. Arom\u0103 \u2013 mandarin\u0103 \u0219i matcha: proasp\u0103t\u0103, delicat\u0103, \u201ecurat\u0103\u201d ca starea de spirit. <\/p>\n","protected":false},"featured_media":9972,"template":"","meta":[],"product_brand":[],"product_cat":[247,809],"product_tag":[],"class_list":{"0":"post-9975","1":"product","2":"type-product","3":"status-publish","4":"has-post-thumbnail","6":"product_cat-decor-pentru-casa","7":"product_cat-sfesnice-si-lumanari","8":"pa_brand-edg-enzo-de-gasperi","9":"pa_material-ceara","10":"pa_material-ceramica","11":"pa_size-o9x14-cm","13":"first","14":"instock","15":"shipping-taxable","16":"purchasable","17":"product-type-simple"},"_links":{"self":[{"href":"https:\/\/moi-dom.md\/ro\/wp-json\/wp\/v2\/product\/9975","targetHints":{"allow":["GET"]}}],"collection":[{"href":"https:\/\/moi-dom.md\/ro\/wp-json\/wp\/v2\/product"}],"about":[{"href":"https:\/\/moi-dom.md\/ro\/wp-json\/wp\/v2\/types\/product"}],"version-history":[{"count":0,"href":"https:\/\/moi-dom.md\/ro\/wp-json\/wp\/v2\/product\/9975\/revisions"}],"wp:featuredmedia":[{"embeddable":true,"href":"https:\/\/moi-dom.md\/ro\/wp-json\/wp\/v2\/media\/9972"}],"wp:attachment":[{"href":"https:\/\/moi-dom.md\/ro\/wp-json\/wp\/v2\/media?parent=9975"}],"wp:term":[{"taxonomy":"product_brand","embeddable":true,"href":"https:\/\/moi-dom.md\/ro\/wp-json\/wp\/v2\/product_brand?post=9975"},{"taxonomy":"product_cat","embeddable":true,"href":"https:\/\/moi-dom.md\/ro\/wp-json\/wp\/v2\/product_cat?post=9975"},{"taxonomy":"product_tag","embeddable":true,"href":"https:\/\/moi-dom.md\/ro\/wp-json\/wp\/v2\/product_tag?post=9975"}],"curies":[{"name":"wp","href":"https:\/\/api.w.org\/{rel}","templated":true}]}}