{"id":9963,"date":"2026-02-15T17:18:41","date_gmt":"2026-02-15T14:18:41","guid":{"rendered":"https:\/\/moi-dom.md\/product\/sfesnic-gatto-egypt\/"},"modified":"2026-02-15T17:18:41","modified_gmt":"2026-02-15T14:18:41","slug":"sfesnic-gatto-egypt","status":"publish","type":"product","link":"https:\/\/moi-dom.md\/ro\/produs\/sfesnic-gatto-egypt\/","title":{"rendered":"Sfe\u0219nic Gatto Egypt"},"content":{"rendered":"<p class=\"p1\">Sfe\u0219nicul Gatto Egypt este un element de decor cu personalitate, care face referire la simbolistica egiptean\u0103 antic\u0103. Figura pisicii \u00een negru \u0219i auriu confer\u0103 spa\u021biului profunzime \u0219i dramatism. Este potrivit pentru decorarea consolei, zonei \u0219emineului sau a unei compozi\u021bii \u00een stil oriental \u0219i eclectic.  <\/p>\n","protected":false},"excerpt":{"rendered":"<p class=\"p1\">Sfe\u0219nic decorativ \u00een form\u0103 de pisic\u0103 egiptean\u0103. Contrastul dintre negru \u0219i auriu creeaz\u0103 un accent expresiv \u00een interior. <\/p>\n","protected":false},"featured_media":9937,"template":"","meta":[],"product_brand":[],"product_cat":[15],"product_tag":[],"class_list":{"0":"post-9963","1":"product","2":"type-product","3":"status-publish","4":"has-post-thumbnail","6":"product_cat-predmety-dlea-vannoi-i-sanuzla","7":"pa_brand-edg-enzo-de-gasperi","8":"pa_color-gold","9":"pa_color-black","10":"pa_material-polystone","11":"pa_size-10x16x25-","13":"first","14":"instock","15":"shipping-taxable","16":"purchasable","17":"product-type-simple"},"_links":{"self":[{"href":"https:\/\/moi-dom.md\/ro\/wp-json\/wp\/v2\/product\/9963","targetHints":{"allow":["GET"]}}],"collection":[{"href":"https:\/\/moi-dom.md\/ro\/wp-json\/wp\/v2\/product"}],"about":[{"href":"https:\/\/moi-dom.md\/ro\/wp-json\/wp\/v2\/types\/product"}],"version-history":[{"count":0,"href":"https:\/\/moi-dom.md\/ro\/wp-json\/wp\/v2\/product\/9963\/revisions"}],"wp:featuredmedia":[{"embeddable":true,"href":"https:\/\/moi-dom.md\/ro\/wp-json\/wp\/v2\/media\/9937"}],"wp:attachment":[{"href":"https:\/\/moi-dom.md\/ro\/wp-json\/wp\/v2\/media?parent=9963"}],"wp:term":[{"taxonomy":"product_brand","embeddable":true,"href":"https:\/\/moi-dom.md\/ro\/wp-json\/wp\/v2\/product_brand?post=9963"},{"taxonomy":"product_cat","embeddable":true,"href":"https:\/\/moi-dom.md\/ro\/wp-json\/wp\/v2\/product_cat?post=9963"},{"taxonomy":"product_tag","embeddable":true,"href":"https:\/\/moi-dom.md\/ro\/wp-json\/wp\/v2\/product_tag?post=9963"}],"curies":[{"name":"wp","href":"https:\/\/api.w.org\/{rel}","templated":true}]}}