{"id":9959,"date":"2026-02-15T17:13:47","date_gmt":"2026-02-15T14:13:47","guid":{"rendered":"https:\/\/moi-dom.md\/product\/sfesnic-egypt-poly\/"},"modified":"2026-02-15T17:13:47","modified_gmt":"2026-02-15T14:13:47","slug":"sfesnic-egypt-poly","status":"publish","type":"product","link":"https:\/\/moi-dom.md\/ro\/produs\/sfesnic-egypt-poly\/","title":{"rendered":"Sfe\u0219nic Egypt Poly"},"content":{"rendered":"<p class=\"p1\">Sfe\u0219nicul Egypt Poly \u2014 un accent interior cu caracter. Silueta cu aripi \u00eentinse \u0219i dou\u0103 cupe pentru lum\u00e2n\u0103ri \u00eel fac un detaliu remarcabil al compozi\u021biei. Potrivit pentru decorarea zonei \u0219emineului, a consolei sau a mesei festive, atunci c\u00e2nd dori\u021bi s\u0103 ad\u0103uga\u021bi profunzime \u0219i teatralitate spa\u021biului.  <\/p>\n","protected":false},"excerpt":{"rendered":"<p class=\"p1\">Sfe\u0219nic decorativ \u00een stil egiptean cu dou\u0103 cupe. Contrastul dintre negru \u0219i auriu creeaz\u0103 un accent expresiv. <\/p>\n","protected":false},"featured_media":9946,"template":"","meta":[],"product_brand":[],"product_cat":[247,809],"product_tag":[],"class_list":{"0":"post-9959","1":"product","2":"type-product","3":"status-publish","4":"has-post-thumbnail","6":"product_cat-decor-pentru-casa","7":"product_cat-sfesnice-si-lumanari","8":"pa_brand-edg-enzo-de-gasperi","9":"pa_color-gold","10":"pa_color-black","11":"pa_material-polistone","12":"pa_size-14x33x41-cm","14":"first","15":"instock","16":"shipping-taxable","17":"purchasable","18":"product-type-simple"},"_links":{"self":[{"href":"https:\/\/moi-dom.md\/ro\/wp-json\/wp\/v2\/product\/9959","targetHints":{"allow":["GET"]}}],"collection":[{"href":"https:\/\/moi-dom.md\/ro\/wp-json\/wp\/v2\/product"}],"about":[{"href":"https:\/\/moi-dom.md\/ro\/wp-json\/wp\/v2\/types\/product"}],"version-history":[{"count":0,"href":"https:\/\/moi-dom.md\/ro\/wp-json\/wp\/v2\/product\/9959\/revisions"}],"wp:featuredmedia":[{"embeddable":true,"href":"https:\/\/moi-dom.md\/ro\/wp-json\/wp\/v2\/media\/9946"}],"wp:attachment":[{"href":"https:\/\/moi-dom.md\/ro\/wp-json\/wp\/v2\/media?parent=9959"}],"wp:term":[{"taxonomy":"product_brand","embeddable":true,"href":"https:\/\/moi-dom.md\/ro\/wp-json\/wp\/v2\/product_brand?post=9959"},{"taxonomy":"product_cat","embeddable":true,"href":"https:\/\/moi-dom.md\/ro\/wp-json\/wp\/v2\/product_cat?post=9959"},{"taxonomy":"product_tag","embeddable":true,"href":"https:\/\/moi-dom.md\/ro\/wp-json\/wp\/v2\/product_tag?post=9959"}],"curies":[{"name":"wp","href":"https:\/\/api.w.org\/{rel}","templated":true}]}}