{"id":9945,"date":"2026-02-15T16:57:27","date_gmt":"2026-02-15T13:57:27","guid":{"rendered":"https:\/\/moi-dom.md\/product\/sfesnic-tassel-poly\/"},"modified":"2026-02-15T16:57:27","modified_gmt":"2026-02-15T13:57:27","slug":"sfesnic-tassel-poly","status":"publish","type":"product","link":"https:\/\/moi-dom.md\/ro\/produs\/sfesnic-tassel-poly\/","title":{"rendered":"Sfe\u0219nic Tassel Poly"},"content":{"rendered":"<p class=\"p1\">Sfe\u0219nicul Tassel este un element decorativ accentuat, care adaug\u0103 c\u0103ldur\u0103 \u0219i o atmosfer\u0103 \u201erafinat\u0103\u201d interiorului. Forma sa texturat\u0103 arat\u0103 frumos pe raft, consol\u0103 \u0219i \u00een aranjamentele de mas\u0103. <\/p>\n","protected":false},"excerpt":{"rendered":"<p class=\"p1\">Sfe\u0219nic texturat cu efect \u201epensul\u0103\u201d.<\/p>\n","protected":false},"featured_media":9940,"template":"","meta":[],"product_brand":[],"product_cat":[237,808],"product_tag":[],"class_list":{"0":"post-9945","1":"product","2":"type-product","3":"status-publish","4":"has-post-thumbnail","6":"product_cat-dekor-dlya-doma","7":"product_cat-svechi-i-podsvechniki","8":"pa_brand-edg-enzo-de-gasperi","9":"pa_color-gold","10":"pa_color-soft-powder-pink","11":"pa_material-polystone","12":"pa_size-o10x21-","14":"first","15":"instock","16":"shipping-taxable","17":"purchasable","18":"product-type-variable"},"_links":{"self":[{"href":"https:\/\/moi-dom.md\/ro\/wp-json\/wp\/v2\/product\/9945","targetHints":{"allow":["GET"]}}],"collection":[{"href":"https:\/\/moi-dom.md\/ro\/wp-json\/wp\/v2\/product"}],"about":[{"href":"https:\/\/moi-dom.md\/ro\/wp-json\/wp\/v2\/types\/product"}],"version-history":[{"count":0,"href":"https:\/\/moi-dom.md\/ro\/wp-json\/wp\/v2\/product\/9945\/revisions"}],"wp:featuredmedia":[{"embeddable":true,"href":"https:\/\/moi-dom.md\/ro\/wp-json\/wp\/v2\/media\/9940"}],"wp:attachment":[{"href":"https:\/\/moi-dom.md\/ro\/wp-json\/wp\/v2\/media?parent=9945"}],"wp:term":[{"taxonomy":"product_brand","embeddable":true,"href":"https:\/\/moi-dom.md\/ro\/wp-json\/wp\/v2\/product_brand?post=9945"},{"taxonomy":"product_cat","embeddable":true,"href":"https:\/\/moi-dom.md\/ro\/wp-json\/wp\/v2\/product_cat?post=9945"},{"taxonomy":"product_tag","embeddable":true,"href":"https:\/\/moi-dom.md\/ro\/wp-json\/wp\/v2\/product_tag?post=9945"}],"curies":[{"name":"wp","href":"https:\/\/api.w.org\/{rel}","templated":true}]}}