{"id":9933,"date":"2026-02-15T16:35:57","date_gmt":"2026-02-15T13:35:57","guid":{"rendered":"https:\/\/moi-dom.md\/product\/sfesnic-tassel-pink\/"},"modified":"2026-02-15T16:35:57","modified_gmt":"2026-02-15T13:35:57","slug":"sfesnic-tassel-pink","status":"publish","type":"product","link":"https:\/\/moi-dom.md\/ro\/produs\/sfesnic-tassel-pink\/","title":{"rendered":"Sfe\u0219nic Tassel Pink"},"content":{"rendered":"<p class=\"p1\">Sfe\u0219nicul decorativ cu textur\u0103 \u00een form\u0103 de pensule creeaz\u0103 un accent cald \u0219i confortabil \u00een interior. Nuan\u021ba delicat\u0103 de roz, combinat\u0103 cu cup\u0103 aurie, adaug\u0103 u\u0219urin\u021b\u0103 \u0219i elegan\u021b\u0103 servirii sau decorului consolei. Potrivit pentru lum\u00e2n\u0103ri clasice \u0219i arat\u0103 frumos ca element independent.  <\/p>\n","protected":false},"excerpt":{"rendered":"<p class=\"p1\">Sfe\u0219nic roz cu textur\u0103 decorativ\u0103 \u0219i cup\u0103 aurie \u2014 un accent delicat pentru casa ta.<\/p>\n","protected":false},"featured_media":9930,"template":"","meta":[],"product_brand":[],"product_cat":[247,809],"product_tag":[],"class_list":{"0":"post-9933","1":"product","2":"type-product","3":"status-publish","4":"has-post-thumbnail","6":"product_cat-decor-pentru-casa","7":"product_cat-sfesnice-si-lumanari","8":"pa_brand-edg-enzo-de-gasperi","9":"pa_color-gold","10":"pa_color-soft-powder-pink","11":"pa_material-polistone","12":"pa_size-o9x15-cm","14":"first","15":"instock","16":"shipping-taxable","17":"purchasable","18":"product-type-simple"},"_links":{"self":[{"href":"https:\/\/moi-dom.md\/ro\/wp-json\/wp\/v2\/product\/9933","targetHints":{"allow":["GET"]}}],"collection":[{"href":"https:\/\/moi-dom.md\/ro\/wp-json\/wp\/v2\/product"}],"about":[{"href":"https:\/\/moi-dom.md\/ro\/wp-json\/wp\/v2\/types\/product"}],"version-history":[{"count":0,"href":"https:\/\/moi-dom.md\/ro\/wp-json\/wp\/v2\/product\/9933\/revisions"}],"wp:featuredmedia":[{"embeddable":true,"href":"https:\/\/moi-dom.md\/ro\/wp-json\/wp\/v2\/media\/9930"}],"wp:attachment":[{"href":"https:\/\/moi-dom.md\/ro\/wp-json\/wp\/v2\/media?parent=9933"}],"wp:term":[{"taxonomy":"product_brand","embeddable":true,"href":"https:\/\/moi-dom.md\/ro\/wp-json\/wp\/v2\/product_brand?post=9933"},{"taxonomy":"product_cat","embeddable":true,"href":"https:\/\/moi-dom.md\/ro\/wp-json\/wp\/v2\/product_cat?post=9933"},{"taxonomy":"product_tag","embeddable":true,"href":"https:\/\/moi-dom.md\/ro\/wp-json\/wp\/v2\/product_tag?post=9933"}],"curies":[{"name":"wp","href":"https:\/\/api.w.org\/{rel}","templated":true}]}}