{"id":9922,"date":"2026-02-15T16:17:08","date_gmt":"2026-02-15T13:17:08","guid":{"rendered":"https:\/\/moi-dom.md\/?post_type=product&#038;p=9922"},"modified":"2026-02-15T16:19:11","modified_gmt":"2026-02-15T13:19:11","slug":"sfesnic-snake-%d0%ba%d0%be%d0%bf%d0%b8%d1%80%d0%be%d0%b2%d0%b0%d1%82%d1%8c","status":"publish","type":"product","link":"https:\/\/moi-dom.md\/ro\/produs\/sfesnic-snake-%d0%ba%d0%be%d0%bf%d0%b8%d1%80%d0%be%d0%b2%d0%b0%d1%82%d1%8c\/","title":{"rendered":"Sfe\u0219nic Snake"},"content":{"rendered":"<p class=\"p1\">Sfe\u0219nic decorativ \u00een form\u0103 de \u0219arpe \u2014 un accent spectaculos pentru un interior modern. Acoperirea aurie \u0219i solzii textura\u021bi creeaz\u0103 un joc expresiv de lumin\u0103 \u0219i \u00eel transform\u0103 \u00eentr-un obiect de art\u0103 de sine st\u0103t\u0103tor. Potrivit pentru lum\u00e2n\u0103ri clasice, va deveni un element stilat al decorului mesei sau al consolei.  <\/p>\n","protected":false},"excerpt":{"rendered":"<p class=\"p1\">Sfe\u0219nicul auriu \u00een form\u0103 de \u0219arpe \u2014 un accent expresiv \u0219i un detaliu stilat al interiorului.<\/p>\n","protected":false},"featured_media":9925,"template":"","meta":[],"product_brand":[],"product_cat":[247,809],"product_tag":[],"class_list":{"0":"post-9922","1":"product","2":"type-product","3":"status-publish","4":"has-post-thumbnail","6":"product_cat-decor-pentru-casa","7":"product_cat-sfesnice-si-lumanari","8":"pa_brand-edg-enzo-de-gasperi","9":"pa_color-gold","10":"pa_material-metal","11":"pa_size-12x22x8-cm","13":"first","14":"instock","15":"shipping-taxable","16":"purchasable","17":"product-type-simple"},"_links":{"self":[{"href":"https:\/\/moi-dom.md\/ro\/wp-json\/wp\/v2\/product\/9922","targetHints":{"allow":["GET"]}}],"collection":[{"href":"https:\/\/moi-dom.md\/ro\/wp-json\/wp\/v2\/product"}],"about":[{"href":"https:\/\/moi-dom.md\/ro\/wp-json\/wp\/v2\/types\/product"}],"version-history":[{"count":2,"href":"https:\/\/moi-dom.md\/ro\/wp-json\/wp\/v2\/product\/9922\/revisions"}],"predecessor-version":[{"id":9927,"href":"https:\/\/moi-dom.md\/ro\/wp-json\/wp\/v2\/product\/9922\/revisions\/9927"}],"wp:featuredmedia":[{"embeddable":true,"href":"https:\/\/moi-dom.md\/ro\/wp-json\/wp\/v2\/media\/9925"}],"wp:attachment":[{"href":"https:\/\/moi-dom.md\/ro\/wp-json\/wp\/v2\/media?parent=9922"}],"wp:term":[{"taxonomy":"product_brand","embeddable":true,"href":"https:\/\/moi-dom.md\/ro\/wp-json\/wp\/v2\/product_brand?post=9922"},{"taxonomy":"product_cat","embeddable":true,"href":"https:\/\/moi-dom.md\/ro\/wp-json\/wp\/v2\/product_cat?post=9922"},{"taxonomy":"product_tag","embeddable":true,"href":"https:\/\/moi-dom.md\/ro\/wp-json\/wp\/v2\/product_tag?post=9922"}],"curies":[{"name":"wp","href":"https:\/\/api.w.org\/{rel}","templated":true}]}}