{"id":9798,"date":"2026-02-14T22:17:32","date_gmt":"2026-02-14T19:17:32","guid":{"rendered":"https:\/\/moi-dom.md\/product\/vaza-chakra-multy\/"},"modified":"2026-02-14T22:17:32","modified_gmt":"2026-02-14T19:17:32","slug":"vaza-chakra-multy","status":"publish","type":"product","link":"https:\/\/moi-dom.md\/ro\/produs\/vaza-chakra-multy\/","title":{"rendered":"Vaza Chakra Multy"},"content":{"rendered":"<p class=\"p1\">Vaz\u0103 decorativ\u0103 cu o suprafa\u021b\u0103 reliefat\u0103 expresiv\u0103 \u0219i o nuan\u021b\u0103 delicat\u0103 de roz antic. Liniile verticale ondulate creeaz\u0103 un efect dinamic \u0219i transform\u0103 vaza \u00eentr-un obiect de art\u0103 independent \u00een interior. Potrivit\u0103 pentru flori uscate, ramuri decorative sau ca accent pe o consol\u0103, comod\u0103 sau m\u0103su\u021b\u0103 de cafea.  <\/p>\n","protected":false},"excerpt":{"rendered":"<p class=\"p1\">Vaza \u00een relief \u2014 un accent stilat pentru un interior modern.<\/p>\n","protected":false},"featured_media":9792,"template":"","meta":[],"product_brand":[],"product_cat":[237,675],"product_tag":[],"class_list":{"0":"post-9798","1":"product","2":"type-product","3":"status-publish","4":"has-post-thumbnail","6":"product_cat-dekor-dlya-doma","7":"product_cat-vazy","8":"pa_brand-edg-enzo-de-gasperi","9":"pa_color-soft-powder-pink","10":"pa_color-olive-green","11":"pa_material-594","12":"pa_shape-612","13":"pa_size-o16x28-","15":"first","16":"instock","17":"shipping-taxable","18":"purchasable","19":"product-type-variable"},"_links":{"self":[{"href":"https:\/\/moi-dom.md\/ro\/wp-json\/wp\/v2\/product\/9798","targetHints":{"allow":["GET"]}}],"collection":[{"href":"https:\/\/moi-dom.md\/ro\/wp-json\/wp\/v2\/product"}],"about":[{"href":"https:\/\/moi-dom.md\/ro\/wp-json\/wp\/v2\/types\/product"}],"version-history":[{"count":0,"href":"https:\/\/moi-dom.md\/ro\/wp-json\/wp\/v2\/product\/9798\/revisions"}],"wp:featuredmedia":[{"embeddable":true,"href":"https:\/\/moi-dom.md\/ro\/wp-json\/wp\/v2\/media\/9792"}],"wp:attachment":[{"href":"https:\/\/moi-dom.md\/ro\/wp-json\/wp\/v2\/media?parent=9798"}],"wp:term":[{"taxonomy":"product_brand","embeddable":true,"href":"https:\/\/moi-dom.md\/ro\/wp-json\/wp\/v2\/product_brand?post=9798"},{"taxonomy":"product_cat","embeddable":true,"href":"https:\/\/moi-dom.md\/ro\/wp-json\/wp\/v2\/product_cat?post=9798"},{"taxonomy":"product_tag","embeddable":true,"href":"https:\/\/moi-dom.md\/ro\/wp-json\/wp\/v2\/product_tag?post=9798"}],"curies":[{"name":"wp","href":"https:\/\/api.w.org\/{rel}","templated":true}]}}