{"id":9789,"date":"2026-02-14T22:00:36","date_gmt":"2026-02-14T19:00:36","guid":{"rendered":"https:\/\/moi-dom.md\/product\/vaza-anfora-fiocco\/"},"modified":"2026-02-14T22:00:36","modified_gmt":"2026-02-14T19:00:36","slug":"vaza-anfora-fiocco","status":"publish","type":"product","link":"https:\/\/moi-dom.md\/ro\/produs\/vaza-anfora-fiocco\/","title":{"rendered":"Vaza Anfora Fiocco"},"content":{"rendered":"<p class=\"p1\">Vaz\u0103 decorativ\u0103 \u00een form\u0103 de amfor\u0103, cu o fund\u0103 verde expresiv\u0103. Nuan\u021ba delicat\u0103 de roz, combinat\u0103 cu suprafa\u021ba lucioas\u0103, confer\u0103 produsului elegan\u021b\u0103 \u0219i un u\u0219or accent de juc\u0103u\u0219. Potrivit\u0103 pentru buchete mici sau ca element decorativ independent pe comoda, consol\u0103 sau masa festiv\u0103.  <\/p>\n","protected":false},"excerpt":{"rendered":"<p class=\"p1\">Vaza roz\u0103 cu fund\u0103 verde \u2014 un accent decorativ elegant pentru interior.<\/p>\n","protected":false},"featured_media":9786,"template":"","meta":[],"product_brand":[],"product_cat":[247,676],"product_tag":[],"class_list":{"0":"post-9789","1":"product","2":"type-product","3":"status-publish","4":"has-post-thumbnail","6":"product_cat-decor-pentru-casa","7":"product_cat-vaze","8":"pa_brand-edg-enzo-de-gasperi","9":"pa_color-pink","10":"pa_color-verde","11":"pa_material-ceramica","12":"pa_shape-amfora","13":"pa_size-o13x23-cm","15":"first","16":"instock","17":"shipping-taxable","18":"purchasable","19":"product-type-simple"},"_links":{"self":[{"href":"https:\/\/moi-dom.md\/ro\/wp-json\/wp\/v2\/product\/9789","targetHints":{"allow":["GET"]}}],"collection":[{"href":"https:\/\/moi-dom.md\/ro\/wp-json\/wp\/v2\/product"}],"about":[{"href":"https:\/\/moi-dom.md\/ro\/wp-json\/wp\/v2\/types\/product"}],"version-history":[{"count":0,"href":"https:\/\/moi-dom.md\/ro\/wp-json\/wp\/v2\/product\/9789\/revisions"}],"wp:featuredmedia":[{"embeddable":true,"href":"https:\/\/moi-dom.md\/ro\/wp-json\/wp\/v2\/media\/9786"}],"wp:attachment":[{"href":"https:\/\/moi-dom.md\/ro\/wp-json\/wp\/v2\/media?parent=9789"}],"wp:term":[{"taxonomy":"product_brand","embeddable":true,"href":"https:\/\/moi-dom.md\/ro\/wp-json\/wp\/v2\/product_brand?post=9789"},{"taxonomy":"product_cat","embeddable":true,"href":"https:\/\/moi-dom.md\/ro\/wp-json\/wp\/v2\/product_cat?post=9789"},{"taxonomy":"product_tag","embeddable":true,"href":"https:\/\/moi-dom.md\/ro\/wp-json\/wp\/v2\/product_tag?post=9789"}],"curies":[{"name":"wp","href":"https:\/\/api.w.org\/{rel}","templated":true}]}}