{"id":9783,"date":"2026-02-14T21:52:47","date_gmt":"2026-02-14T18:52:47","guid":{"rendered":"https:\/\/moi-dom.md\/product\/vaza-amphora-bow\/"},"modified":"2026-02-14T21:52:47","modified_gmt":"2026-02-14T18:52:47","slug":"vaza-amphora-bow","status":"publish","type":"product","link":"https:\/\/moi-dom.md\/ro\/produs\/vaza-amphora-bow\/","title":{"rendered":"Vaza Amphora Bow"},"content":{"rendered":"<p class=\"p1\">Vaz\u0103 decorativ\u0103 \u00een form\u0103 de amfor\u0103 cu fund\u0103 roz. Suprafa\u021ba lucioas\u0103 \u0219i culoarea verde intens\u0103 o fac s\u0103 fie un accent expresiv \u00een interior. Potrivit\u0103 pentru buchete mici sau ca element decorativ independent.  <\/p>\n","protected":false},"excerpt":{"rendered":"<p class=\"p1\">Vaz\u0103 verde elegant\u0103 cu fund\u0103 decorativ\u0103. Accent pentru raft, consol\u0103 sau cadou. <\/p>\n","protected":false},"featured_media":9780,"template":"","meta":[],"product_brand":[],"product_cat":[247,676],"product_tag":[],"class_list":{"0":"post-9783","1":"product","2":"type-product","3":"status-publish","4":"has-post-thumbnail","6":"product_cat-decor-pentru-casa","7":"product_cat-vaze","8":"pa_brand-edg-enzo-de-gasperi","9":"pa_color-pink","10":"pa_color-verde","11":"pa_material-ceramica","12":"pa_shape-amfora","13":"pa_size-o12x18-cm","15":"first","16":"instock","17":"shipping-taxable","18":"purchasable","19":"product-type-simple"},"_links":{"self":[{"href":"https:\/\/moi-dom.md\/ro\/wp-json\/wp\/v2\/product\/9783","targetHints":{"allow":["GET"]}}],"collection":[{"href":"https:\/\/moi-dom.md\/ro\/wp-json\/wp\/v2\/product"}],"about":[{"href":"https:\/\/moi-dom.md\/ro\/wp-json\/wp\/v2\/types\/product"}],"version-history":[{"count":0,"href":"https:\/\/moi-dom.md\/ro\/wp-json\/wp\/v2\/product\/9783\/revisions"}],"wp:featuredmedia":[{"embeddable":true,"href":"https:\/\/moi-dom.md\/ro\/wp-json\/wp\/v2\/media\/9780"}],"wp:attachment":[{"href":"https:\/\/moi-dom.md\/ro\/wp-json\/wp\/v2\/media?parent=9783"}],"wp:term":[{"taxonomy":"product_brand","embeddable":true,"href":"https:\/\/moi-dom.md\/ro\/wp-json\/wp\/v2\/product_brand?post=9783"},{"taxonomy":"product_cat","embeddable":true,"href":"https:\/\/moi-dom.md\/ro\/wp-json\/wp\/v2\/product_cat?post=9783"},{"taxonomy":"product_tag","embeddable":true,"href":"https:\/\/moi-dom.md\/ro\/wp-json\/wp\/v2\/product_tag?post=9783"}],"curies":[{"name":"wp","href":"https:\/\/api.w.org\/{rel}","templated":true}]}}