{"id":9754,"date":"2026-02-14T16:50:05","date_gmt":"2026-02-14T13:50:05","guid":{"rendered":"https:\/\/moi-dom.md\/product\/fata-de-masa-slub-verde\/"},"modified":"2026-02-14T16:50:05","modified_gmt":"2026-02-14T13:50:05","slug":"fata-de-masa-slub-verde","status":"publish","type":"product","link":"https:\/\/moi-dom.md\/ro\/produs\/fata-de-masa-slub-verde\/","title":{"rendered":"Fa\u021b\u0103 de mas\u0103 Slub Verde"},"content":{"rendered":"<p class=\"p1\">Fa\u021ba de mas\u0103 din 100% bumbac, \u00een nuan\u021ba verde slub, este o baz\u0103 calm\u0103 pentru o mas\u0103 frumos aranjat\u0103. \u021aes\u0103tura tip slub ofer\u0103 un efect discret \u201eca de in\u201d \u0219i un aspect mai viu \u00een lumin\u0103. Dimensiunea mare este potrivit\u0103 pentru mese lungi \u0219i ocazii festive: cade elegant pe margini \u0219i completeaz\u0103 armonios decorul.  <\/p>\n","protected":false},"excerpt":{"rendered":"<p class=\"p1\">Fa\u021b\u0103 de mas\u0103 din bumbac verde slub \u2014 pentru mese lungi \u0219i servire elegant\u0103.<\/p>\n","protected":false},"featured_media":9745,"template":"","meta":[],"product_brand":[],"product_cat":[249,750],"product_tag":[],"class_list":{"0":"post-9754","1":"product","2":"type-product","3":"status-publish","4":"has-post-thumbnail","6":"product_cat-textile-pentru-casa","7":"product_cat-textile-pentru-masa","8":"pa_brand-andrea-fontebasso","9":"pa_color-verde","10":"pa_material-bumbac","11":"pa_shape-dreptunghiulara","12":"pa_size-150x300-cm","14":"first","15":"instock","16":"shipping-taxable","17":"purchasable","18":"product-type-simple"},"_links":{"self":[{"href":"https:\/\/moi-dom.md\/ro\/wp-json\/wp\/v2\/product\/9754","targetHints":{"allow":["GET"]}}],"collection":[{"href":"https:\/\/moi-dom.md\/ro\/wp-json\/wp\/v2\/product"}],"about":[{"href":"https:\/\/moi-dom.md\/ro\/wp-json\/wp\/v2\/types\/product"}],"version-history":[{"count":0,"href":"https:\/\/moi-dom.md\/ro\/wp-json\/wp\/v2\/product\/9754\/revisions"}],"wp:featuredmedia":[{"embeddable":true,"href":"https:\/\/moi-dom.md\/ro\/wp-json\/wp\/v2\/media\/9745"}],"wp:attachment":[{"href":"https:\/\/moi-dom.md\/ro\/wp-json\/wp\/v2\/media?parent=9754"}],"wp:term":[{"taxonomy":"product_brand","embeddable":true,"href":"https:\/\/moi-dom.md\/ro\/wp-json\/wp\/v2\/product_brand?post=9754"},{"taxonomy":"product_cat","embeddable":true,"href":"https:\/\/moi-dom.md\/ro\/wp-json\/wp\/v2\/product_cat?post=9754"},{"taxonomy":"product_tag","embeddable":true,"href":"https:\/\/moi-dom.md\/ro\/wp-json\/wp\/v2\/product_tag?post=9754"}],"curies":[{"name":"wp","href":"https:\/\/api.w.org\/{rel}","templated":true}]}}