{"id":9753,"date":"2026-02-14T16:00:27","date_gmt":"2026-02-14T13:00:27","guid":{"rendered":"https:\/\/moi-dom.md\/product\/runner-pentru-masa-florence\/"},"modified":"2026-02-14T16:00:27","modified_gmt":"2026-02-14T13:00:27","slug":"runner-pentru-masa-florence","status":"publish","type":"product","link":"https:\/\/moi-dom.md\/ro\/produs\/runner-pentru-masa-florence\/","title":{"rendered":"Runner pentru mas\u0103 Florence"},"content":{"rendered":"<p class=\"p1\">Runner Florence 40\u00d7140 cm este confec\u021bionat din bumbac \u0219i decorat cu un imprimeu viu, \u00een nuan\u021be intense. Modelul plin de via\u021b\u0103 adaug\u0103 personalitate \u0219i bun\u0103 dispozi\u021bie buc\u0103t\u0103riei sau mesei de sufragerie. Potrivit pentru servirea zilnic\u0103 \u0219i decorul sezonier. Poate fi utilizat singur sau \u00een combina\u021bie cu o fa\u021b\u0103 de mas\u0103 \u0219i \u0219erve\u021bele din aceea\u0219i colec\u021bie.   <\/p>\n","protected":false},"excerpt":{"rendered":"<p class=\"p1\">Runner din bumbac 40\u00d7140 cm Florence cu imprimeu viu colorat.<\/p>\n","protected":false},"featured_media":9730,"template":"","meta":[],"product_brand":[],"product_cat":[240,743],"product_tag":[],"class_list":{"0":"post-9753","1":"product","2":"type-product","3":"status-publish","4":"has-post-thumbnail","6":"product_cat-tekstil-dlya-doma","7":"product_cat-stolovyy-tekstil","8":"pa_brand-tognana","9":"pa_color-multicolor","10":"pa_material-597","11":"pa_shape-609","12":"pa_size-40x140-","14":"first","15":"instock","16":"shipping-taxable","17":"purchasable","18":"product-type-simple"},"_links":{"self":[{"href":"https:\/\/moi-dom.md\/ro\/wp-json\/wp\/v2\/product\/9753","targetHints":{"allow":["GET"]}}],"collection":[{"href":"https:\/\/moi-dom.md\/ro\/wp-json\/wp\/v2\/product"}],"about":[{"href":"https:\/\/moi-dom.md\/ro\/wp-json\/wp\/v2\/types\/product"}],"version-history":[{"count":0,"href":"https:\/\/moi-dom.md\/ro\/wp-json\/wp\/v2\/product\/9753\/revisions"}],"wp:featuredmedia":[{"embeddable":true,"href":"https:\/\/moi-dom.md\/ro\/wp-json\/wp\/v2\/media\/9730"}],"wp:attachment":[{"href":"https:\/\/moi-dom.md\/ro\/wp-json\/wp\/v2\/media?parent=9753"}],"wp:term":[{"taxonomy":"product_brand","embeddable":true,"href":"https:\/\/moi-dom.md\/ro\/wp-json\/wp\/v2\/product_brand?post=9753"},{"taxonomy":"product_cat","embeddable":true,"href":"https:\/\/moi-dom.md\/ro\/wp-json\/wp\/v2\/product_cat?post=9753"},{"taxonomy":"product_tag","embeddable":true,"href":"https:\/\/moi-dom.md\/ro\/wp-json\/wp\/v2\/product_tag?post=9753"}],"curies":[{"name":"wp","href":"https:\/\/api.w.org\/{rel}","templated":true}]}}