{"id":9718,"date":"2026-02-14T15:08:54","date_gmt":"2026-02-14T12:08:54","guid":{"rendered":"https:\/\/moi-dom.md\/product\/fata-de-masa-autunno\/"},"modified":"2026-02-14T15:08:54","modified_gmt":"2026-02-14T12:08:54","slug":"fata-de-masa-autunno","status":"publish","type":"product","link":"https:\/\/moi-dom.md\/ro\/produs\/fata-de-masa-autunno\/","title":{"rendered":"Fa\u021b\u0103 de mas\u0103 Autunno"},"content":{"rendered":"<p class=\"p1\">Fa\u021ba de mas\u0103 Autunno cu imprimeu de dovleci \u0219i frunze de toamn\u0103 aduce o atmosfer\u0103 cald\u0103 \u0219i primitoare la mas\u0103. Realizat\u0103 din poliester practic, cu tratament rezistent la pete, este ideal\u0103 pentru utilizare zilnic\u0103. Materialul se cur\u0103\u021b\u0103 u\u0219or \u0219i \u00ee\u0219i p\u0103streaz\u0103 culorile intense \u00een timp. Dimensiunea 140\u00d7240 cm este potrivit\u0103 pentru mese dreptunghiulare.   <\/p>\n","protected":false},"excerpt":{"rendered":"<p class=\"p1\">Fa\u021b\u0103 de mas\u0103 cu imprimeu de toamn\u0103 \u0219i protec\u021bie anti-pete.<\/p>\n","protected":false},"featured_media":9715,"template":"","meta":[],"product_brand":[],"product_cat":[240,743],"product_tag":[],"class_list":{"0":"post-9718","1":"product","2":"type-product","3":"status-publish","4":"has-post-thumbnail","6":"product_cat-tekstil-dlya-doma","7":"product_cat-stolovyy-tekstil","8":"pa_brand-tognana","9":"pa_color-multicolor","10":"pa_material-755","11":"pa_shape-609","12":"pa_size-140x240-cm","14":"first","15":"instock","16":"shipping-taxable","17":"purchasable","18":"product-type-simple"},"_links":{"self":[{"href":"https:\/\/moi-dom.md\/ro\/wp-json\/wp\/v2\/product\/9718","targetHints":{"allow":["GET"]}}],"collection":[{"href":"https:\/\/moi-dom.md\/ro\/wp-json\/wp\/v2\/product"}],"about":[{"href":"https:\/\/moi-dom.md\/ro\/wp-json\/wp\/v2\/types\/product"}],"version-history":[{"count":0,"href":"https:\/\/moi-dom.md\/ro\/wp-json\/wp\/v2\/product\/9718\/revisions"}],"wp:featuredmedia":[{"embeddable":true,"href":"https:\/\/moi-dom.md\/ro\/wp-json\/wp\/v2\/media\/9715"}],"wp:attachment":[{"href":"https:\/\/moi-dom.md\/ro\/wp-json\/wp\/v2\/media?parent=9718"}],"wp:term":[{"taxonomy":"product_brand","embeddable":true,"href":"https:\/\/moi-dom.md\/ro\/wp-json\/wp\/v2\/product_brand?post=9718"},{"taxonomy":"product_cat","embeddable":true,"href":"https:\/\/moi-dom.md\/ro\/wp-json\/wp\/v2\/product_cat?post=9718"},{"taxonomy":"product_tag","embeddable":true,"href":"https:\/\/moi-dom.md\/ro\/wp-json\/wp\/v2\/product_tag?post=9718"}],"curies":[{"name":"wp","href":"https:\/\/api.w.org\/{rel}","templated":true}]}}