{"id":9712,"date":"2026-02-14T15:02:55","date_gmt":"2026-02-14T12:02:55","guid":{"rendered":"https:\/\/moi-dom.md\/product\/fata-de-masa-volterra\/"},"modified":"2026-02-14T15:02:55","modified_gmt":"2026-02-14T12:02:55","slug":"fata-de-masa-volterra","status":"publish","type":"product","link":"https:\/\/moi-dom.md\/ro\/produs\/fata-de-masa-volterra\/","title":{"rendered":"Fa\u021b\u0103 de mas\u0103 Volterra"},"content":{"rendered":"<p class=\"p1\">Fa\u021ba de mas\u0103 Volterra \u00een nuan\u021b\u0103 ro\u0219u intens este o alegere elegant\u0103 pentru mese de zi cu zi sau ocazii speciale. Textura discret\u0103 ofer\u0103 profunzime \u0219i un aspect rafinat, iar culoarea versatil\u0103 se combin\u0103 u\u0219or cu orice tip de vesel\u0103. Dimensiunea 140\u00d7240 cm este potrivit\u0103 pentru mese dreptunghiulare, oferind un aspect armonios \u0219i \u00eengrijit.  <\/p>\n","protected":false},"excerpt":{"rendered":"<p class=\"p1\">Fa\u021b\u0103 de mas\u0103 ro\u0219u intens \u2014 baz\u0103 elegant\u0103 pentru orice servire.<\/p>\n","protected":false},"featured_media":9709,"template":"","meta":[],"product_brand":[],"product_cat":[240,743],"product_tag":[],"class_list":{"0":"post-9712","1":"product","2":"type-product","3":"status-publish","4":"has-post-thumbnail","6":"product_cat-tekstil-dlya-doma","7":"product_cat-stolovyy-tekstil","8":"pa_brand-andrea-fontebasso","9":"pa_color-red","10":"pa_material-597","11":"pa_shape-609","12":"pa_size-140x240-","14":"first","15":"instock","16":"shipping-taxable","17":"purchasable","18":"product-type-simple"},"_links":{"self":[{"href":"https:\/\/moi-dom.md\/ro\/wp-json\/wp\/v2\/product\/9712","targetHints":{"allow":["GET"]}}],"collection":[{"href":"https:\/\/moi-dom.md\/ro\/wp-json\/wp\/v2\/product"}],"about":[{"href":"https:\/\/moi-dom.md\/ro\/wp-json\/wp\/v2\/types\/product"}],"version-history":[{"count":0,"href":"https:\/\/moi-dom.md\/ro\/wp-json\/wp\/v2\/product\/9712\/revisions"}],"wp:featuredmedia":[{"embeddable":true,"href":"https:\/\/moi-dom.md\/ro\/wp-json\/wp\/v2\/media\/9709"}],"wp:attachment":[{"href":"https:\/\/moi-dom.md\/ro\/wp-json\/wp\/v2\/media?parent=9712"}],"wp:term":[{"taxonomy":"product_brand","embeddable":true,"href":"https:\/\/moi-dom.md\/ro\/wp-json\/wp\/v2\/product_brand?post=9712"},{"taxonomy":"product_cat","embeddable":true,"href":"https:\/\/moi-dom.md\/ro\/wp-json\/wp\/v2\/product_cat?post=9712"},{"taxonomy":"product_tag","embeddable":true,"href":"https:\/\/moi-dom.md\/ro\/wp-json\/wp\/v2\/product_tag?post=9712"}],"curies":[{"name":"wp","href":"https:\/\/api.w.org\/{rel}","templated":true}]}}