{"id":9706,"date":"2026-02-14T14:56:14","date_gmt":"2026-02-14T11:56:14","guid":{"rendered":"https:\/\/moi-dom.md\/product\/fata-de-masa-tartan-dublino\/"},"modified":"2026-02-14T14:56:14","modified_gmt":"2026-02-14T11:56:14","slug":"fata-de-masa-tartan-dublino","status":"publish","type":"product","link":"https:\/\/moi-dom.md\/ro\/produs\/fata-de-masa-tartan-dublino\/","title":{"rendered":"Fa\u021b\u0103 de mas\u0103 Tartan Dublino"},"content":{"rendered":"<p class=\"p1\">Fa\u021ba de mas\u0103 Tartan Dublino aduce un model clasic \u00een carouri ro\u0219ii intense, perfect pentru o mas\u0103 primitoare \u0219i elegant\u0103. Ideal\u0103 pentru cine \u00een familie, mese festive sau decor sezonier. Dimensiunea 140\u00d7240 cm se potrive\u0219te meselor dreptunghiulare, oferind un aspect echilibrat \u0219i \u00eengrijit. Se combin\u0103 u\u0219or cu vesel\u0103 alb\u0103 \u0219i elemente din lemn.   <\/p>\n","protected":false},"excerpt":{"rendered":"<p class=\"p1\">Fa\u021b\u0103 de mas\u0103 \u00een carouri ro\u0219ii \u2014 pentru o servire cald\u0103 \u0219i elegant\u0103.<\/p>\n","protected":false},"featured_media":9703,"template":"","meta":[],"product_brand":[],"product_cat":[249,750],"product_tag":[],"class_list":{"0":"post-9706","1":"product","2":"type-product","3":"status-publish","4":"has-post-thumbnail","6":"product_cat-textile-pentru-casa","7":"product_cat-textile-pentru-masa","8":"pa_brand-tognana","9":"pa_color-multicolor","10":"pa_material-bumbac","11":"pa_shape-609","12":"pa_size-140x240-cm","14":"first","15":"instock","16":"shipping-taxable","17":"purchasable","18":"product-type-simple"},"_links":{"self":[{"href":"https:\/\/moi-dom.md\/ro\/wp-json\/wp\/v2\/product\/9706","targetHints":{"allow":["GET"]}}],"collection":[{"href":"https:\/\/moi-dom.md\/ro\/wp-json\/wp\/v2\/product"}],"about":[{"href":"https:\/\/moi-dom.md\/ro\/wp-json\/wp\/v2\/types\/product"}],"version-history":[{"count":0,"href":"https:\/\/moi-dom.md\/ro\/wp-json\/wp\/v2\/product\/9706\/revisions"}],"wp:featuredmedia":[{"embeddable":true,"href":"https:\/\/moi-dom.md\/ro\/wp-json\/wp\/v2\/media\/9703"}],"wp:attachment":[{"href":"https:\/\/moi-dom.md\/ro\/wp-json\/wp\/v2\/media?parent=9706"}],"wp:term":[{"taxonomy":"product_brand","embeddable":true,"href":"https:\/\/moi-dom.md\/ro\/wp-json\/wp\/v2\/product_brand?post=9706"},{"taxonomy":"product_cat","embeddable":true,"href":"https:\/\/moi-dom.md\/ro\/wp-json\/wp\/v2\/product_cat?post=9706"},{"taxonomy":"product_tag","embeddable":true,"href":"https:\/\/moi-dom.md\/ro\/wp-json\/wp\/v2\/product_tag?post=9706"}],"curies":[{"name":"wp","href":"https:\/\/api.w.org\/{rel}","templated":true}]}}