{"id":9700,"date":"2026-02-14T14:48:04","date_gmt":"2026-02-14T11:48:04","guid":{"rendered":"https:\/\/moi-dom.md\/product\/runner-pentru-masa-ohana\/"},"modified":"2026-02-14T14:48:04","modified_gmt":"2026-02-14T11:48:04","slug":"runner-pentru-masa-ohana","status":"publish","type":"product","link":"https:\/\/moi-dom.md\/ro\/produs\/runner-pentru-masa-ohana\/","title":{"rendered":"Runner pentru mas\u0103 Ohana"},"content":{"rendered":"<p class=\"p1\">Runner pentru mas\u0103 Ohana 40\u00d7140 cm \u2014 un accent luminos pentru un aranjament modern. Imprimeul tropical cu nuan\u021be saturate adaug\u0103 profunzime \u0219i dinamism compozi\u021biei, f\u0103c\u00e2nd masa expresiv\u0103 chiar \u0219i f\u0103r\u0103 un decor complex. <\/p>\n","protected":false},"excerpt":{"rendered":"<p class=\"p1\">Runner 40\u00d7140 cm din colec\u021bia Ohana, cu imprimeu tropical viu colorat \u2014 un accent stilat pentru servirea mesei \u0219i o modalitate u\u0219oar\u0103 de a re\u00eennoi aspectul mesei.<\/p>\n","protected":false},"featured_media":9697,"template":"","meta":[],"product_brand":[],"product_cat":[249,750],"product_tag":[],"class_list":{"0":"post-9700","1":"product","2":"type-product","3":"status-publish","4":"has-post-thumbnail","6":"product_cat-textile-pentru-casa","7":"product_cat-textile-pentru-masa","8":"pa_brand-andrea-fontebasso","9":"pa_color-multicolor","10":"pa_material-bumbac","11":"pa_shape-dreptunghiulara","12":"pa_size-40x140-cm","14":"first","15":"instock","16":"shipping-taxable","17":"purchasable","18":"product-type-simple"},"_links":{"self":[{"href":"https:\/\/moi-dom.md\/ro\/wp-json\/wp\/v2\/product\/9700","targetHints":{"allow":["GET"]}}],"collection":[{"href":"https:\/\/moi-dom.md\/ro\/wp-json\/wp\/v2\/product"}],"about":[{"href":"https:\/\/moi-dom.md\/ro\/wp-json\/wp\/v2\/types\/product"}],"version-history":[{"count":0,"href":"https:\/\/moi-dom.md\/ro\/wp-json\/wp\/v2\/product\/9700\/revisions"}],"wp:featuredmedia":[{"embeddable":true,"href":"https:\/\/moi-dom.md\/ro\/wp-json\/wp\/v2\/media\/9697"}],"wp:attachment":[{"href":"https:\/\/moi-dom.md\/ro\/wp-json\/wp\/v2\/media?parent=9700"}],"wp:term":[{"taxonomy":"product_brand","embeddable":true,"href":"https:\/\/moi-dom.md\/ro\/wp-json\/wp\/v2\/product_brand?post=9700"},{"taxonomy":"product_cat","embeddable":true,"href":"https:\/\/moi-dom.md\/ro\/wp-json\/wp\/v2\/product_cat?post=9700"},{"taxonomy":"product_tag","embeddable":true,"href":"https:\/\/moi-dom.md\/ro\/wp-json\/wp\/v2\/product_tag?post=9700"}],"curies":[{"name":"wp","href":"https:\/\/api.w.org\/{rel}","templated":true}]}}