{"id":9686,"date":"2026-02-14T14:31:54","date_gmt":"2026-02-14T11:31:54","guid":{"rendered":"https:\/\/moi-dom.md\/product\/fata-de-masa-ohana\/"},"modified":"2026-02-14T14:31:54","modified_gmt":"2026-02-14T11:31:54","slug":"fata-de-masa-ohana","status":"publish","type":"product","link":"https:\/\/moi-dom.md\/ro\/produs\/fata-de-masa-ohana\/","title":{"rendered":"Fa\u021b\u0103 de mas\u0103 Ohana"},"content":{"rendered":"<p class=\"p1\">Fa\u021ba de mas\u0103 Ohana adaug\u0103 un accent vibrant mesei. Imprimeul tropical \u00een culori intense creeaz\u0103 o atmosfer\u0103 cald\u0103 \u0219i modern\u0103. Materialul este pl\u0103cut la atingere \u0219i potrivit at\u00e2t pentru utilizare zilnic\u0103, c\u00e2t \u0219i pentru ocazii speciale. Se asorteaz\u0103 perfect cu \u0219ervetele \u0219i runner-ul din colec\u021bia Ohana.   <\/p>\n","protected":false},"excerpt":{"rendered":"<p class=\"p1\">Fa\u021b\u0103 de mas\u0103 cu imprimeu tropical vibrant.<\/p>\n","protected":false},"featured_media":9683,"template":"","meta":[],"product_brand":[],"product_cat":[240,743],"product_tag":[],"class_list":{"0":"post-9686","1":"product","2":"type-product","3":"status-publish","4":"has-post-thumbnail","6":"product_cat-tekstil-dlya-doma","7":"product_cat-stolovyy-tekstil","8":"pa_brand-andrea-fontebasso","9":"pa_color-multicolor","10":"pa_material-597","11":"pa_shape-609","12":"pa_size-140x240-","14":"first","15":"instock","16":"shipping-taxable","17":"purchasable","18":"product-type-simple"},"_links":{"self":[{"href":"https:\/\/moi-dom.md\/ro\/wp-json\/wp\/v2\/product\/9686","targetHints":{"allow":["GET"]}}],"collection":[{"href":"https:\/\/moi-dom.md\/ro\/wp-json\/wp\/v2\/product"}],"about":[{"href":"https:\/\/moi-dom.md\/ro\/wp-json\/wp\/v2\/types\/product"}],"version-history":[{"count":0,"href":"https:\/\/moi-dom.md\/ro\/wp-json\/wp\/v2\/product\/9686\/revisions"}],"wp:featuredmedia":[{"embeddable":true,"href":"https:\/\/moi-dom.md\/ro\/wp-json\/wp\/v2\/media\/9683"}],"wp:attachment":[{"href":"https:\/\/moi-dom.md\/ro\/wp-json\/wp\/v2\/media?parent=9686"}],"wp:term":[{"taxonomy":"product_brand","embeddable":true,"href":"https:\/\/moi-dom.md\/ro\/wp-json\/wp\/v2\/product_brand?post=9686"},{"taxonomy":"product_cat","embeddable":true,"href":"https:\/\/moi-dom.md\/ro\/wp-json\/wp\/v2\/product_cat?post=9686"},{"taxonomy":"product_tag","embeddable":true,"href":"https:\/\/moi-dom.md\/ro\/wp-json\/wp\/v2\/product_tag?post=9686"}],"curies":[{"name":"wp","href":"https:\/\/api.w.org\/{rel}","templated":true}]}}