{"id":9679,"date":"2026-02-14T14:15:56","date_gmt":"2026-02-14T11:15:56","guid":{"rendered":"https:\/\/moi-dom.md\/product\/set-de-servetele-melograno-2-buc\/"},"modified":"2026-02-14T15:15:30","modified_gmt":"2026-02-14T12:15:30","slug":"set-de-servetele-melograno-2-buc","status":"publish","type":"product","link":"https:\/\/moi-dom.md\/ro\/produs\/set-de-servetele-melograno-2-buc\/","title":{"rendered":"Set de \u0219erve\u021bele Melograno (2 buc.)"},"content":{"rendered":"<p class=\"p1\">Setul de 2 \u0219ervete textile Melograno completeaz\u0103 elegant aranjarea mesei. Imprimeul cu rodii adaug\u0103 culoare \u0219i personalitate, iar materialul din bumbac este pl\u0103cut la atingere \u0219i potrivit at\u00e2t pentru utilizare zilnic\u0103, c\u00e2t \u0219i pentru ocazii speciale. Se potrivesc perfect cu fa\u021ba de mas\u0103 Melograno din aceea\u0219i colec\u021bie.   <\/p>\n","protected":false},"excerpt":{"rendered":"<p class=\"p1\">Set 2 \u0219ervete din bumbac cu imprimeu de rodii pentru o servire elegant\u0103.<\/p>\n","protected":false},"featured_media":9678,"template":"","meta":[],"product_brand":[],"product_cat":[249,750],"product_tag":[],"class_list":{"0":"post-9679","1":"product","2":"type-product","3":"status-publish","4":"has-post-thumbnail","6":"product_cat-textile-pentru-casa","7":"product_cat-textile-pentru-masa","8":"pa_brand-andrea-fontebasso","9":"pa_color-multicolor","10":"pa_material-bumbac","11":"pa_shape-dreptunghiulara","12":"pa_size-35x50-cm","13":"pa_size-40x40-cm","15":"first","16":"instock","17":"shipping-taxable","18":"purchasable","19":"product-type-variable"},"_links":{"self":[{"href":"https:\/\/moi-dom.md\/ro\/wp-json\/wp\/v2\/product\/9679","targetHints":{"allow":["GET"]}}],"collection":[{"href":"https:\/\/moi-dom.md\/ro\/wp-json\/wp\/v2\/product"}],"about":[{"href":"https:\/\/moi-dom.md\/ro\/wp-json\/wp\/v2\/types\/product"}],"version-history":[{"count":1,"href":"https:\/\/moi-dom.md\/ro\/wp-json\/wp\/v2\/product\/9679\/revisions"}],"predecessor-version":[{"id":9680,"href":"https:\/\/moi-dom.md\/ro\/wp-json\/wp\/v2\/product\/9679\/revisions\/9680"}],"wp:featuredmedia":[{"embeddable":true,"href":"https:\/\/moi-dom.md\/ro\/wp-json\/wp\/v2\/media\/9678"}],"wp:attachment":[{"href":"https:\/\/moi-dom.md\/ro\/wp-json\/wp\/v2\/media?parent=9679"}],"wp:term":[{"taxonomy":"product_brand","embeddable":true,"href":"https:\/\/moi-dom.md\/ro\/wp-json\/wp\/v2\/product_brand?post=9679"},{"taxonomy":"product_cat","embeddable":true,"href":"https:\/\/moi-dom.md\/ro\/wp-json\/wp\/v2\/product_cat?post=9679"},{"taxonomy":"product_tag","embeddable":true,"href":"https:\/\/moi-dom.md\/ro\/wp-json\/wp\/v2\/product_tag?post=9679"}],"curies":[{"name":"wp","href":"https:\/\/api.w.org\/{rel}","templated":true}]}}