{"id":9672,"date":"2026-02-14T14:06:07","date_gmt":"2026-02-14T11:06:07","guid":{"rendered":"https:\/\/moi-dom.md\/product\/fata-de-masa-melograno\/"},"modified":"2026-02-14T14:06:07","modified_gmt":"2026-02-14T11:06:07","slug":"fata-de-masa-melograno","status":"publish","type":"product","link":"https:\/\/moi-dom.md\/ro\/produs\/fata-de-masa-melograno\/","title":{"rendered":"Fa\u021b\u0103 de mas\u0103 Melograno"},"content":{"rendered":"<p class=\"p1\">Fa\u021ba de mas\u0103 Melograno adaug\u0103 un accent vibrant mesei dvs. Imprimeul bogat cu rodii \u0219i frunze verzi creeaz\u0103 o atmosfer\u0103 mediteranean\u0103 cald\u0103 \u0219i plin\u0103 de caracter. Potrivit\u0103 at\u00e2t pentru servirea zilnic\u0103, c\u00e2t \u0219i pentru ocazii speciale, se combin\u0103 u\u0219or cu vesel\u0103 simpl\u0103 \u0219i textile naturale. O alegere ideal\u0103 pentru a aduce culoare \u0219i personalitate \u00een buc\u0103t\u0103rie sau dining.   <\/p>\n","protected":false},"excerpt":{"rendered":"<p class=\"p1\">Fa\u021b\u0103 de mas\u0103 cu imprimeu de rodii, perfect\u0103 pentru o servire plin\u0103 de culoare.<\/p>\n","protected":false},"featured_media":9669,"template":"","meta":[],"product_brand":[],"product_cat":[249,750],"product_tag":[],"class_list":{"0":"post-9672","1":"product","2":"type-product","3":"status-publish","4":"has-post-thumbnail","6":"product_cat-textile-pentru-casa","7":"product_cat-textile-pentru-masa","8":"pa_brand-andrea-fontebasso","9":"pa_color-multicolor","10":"pa_material-bumbac","11":"pa_shape-dreptunghiulara","12":"pa_size-150x300-cm","14":"first","15":"instock","16":"shipping-taxable","17":"purchasable","18":"product-type-simple"},"_links":{"self":[{"href":"https:\/\/moi-dom.md\/ro\/wp-json\/wp\/v2\/product\/9672","targetHints":{"allow":["GET"]}}],"collection":[{"href":"https:\/\/moi-dom.md\/ro\/wp-json\/wp\/v2\/product"}],"about":[{"href":"https:\/\/moi-dom.md\/ro\/wp-json\/wp\/v2\/types\/product"}],"version-history":[{"count":0,"href":"https:\/\/moi-dom.md\/ro\/wp-json\/wp\/v2\/product\/9672\/revisions"}],"wp:featuredmedia":[{"embeddable":true,"href":"https:\/\/moi-dom.md\/ro\/wp-json\/wp\/v2\/media\/9669"}],"wp:attachment":[{"href":"https:\/\/moi-dom.md\/ro\/wp-json\/wp\/v2\/media?parent=9672"}],"wp:term":[{"taxonomy":"product_brand","embeddable":true,"href":"https:\/\/moi-dom.md\/ro\/wp-json\/wp\/v2\/product_brand?post=9672"},{"taxonomy":"product_cat","embeddable":true,"href":"https:\/\/moi-dom.md\/ro\/wp-json\/wp\/v2\/product_cat?post=9672"},{"taxonomy":"product_tag","embeddable":true,"href":"https:\/\/moi-dom.md\/ro\/wp-json\/wp\/v2\/product_tag?post=9672"}],"curies":[{"name":"wp","href":"https:\/\/api.w.org\/{rel}","templated":true}]}}