{"id":9664,"date":"2026-02-14T13:51:57","date_gmt":"2026-02-14T10:51:57","guid":{"rendered":"https:\/\/moi-dom.md\/product\/fata-de-masa-okuda\/"},"modified":"2026-02-14T13:51:57","modified_gmt":"2026-02-14T10:51:57","slug":"fata-de-masa-okuda","status":"publish","type":"product","link":"https:\/\/moi-dom.md\/ro\/produs\/fata-de-masa-okuda\/","title":{"rendered":"Fa\u021b\u0103 de mas\u0103 Okuda"},"content":{"rendered":"<p class=\"p1\">Fa\u021ba de mas\u0103 Okuda este o alegere practic\u0103 \u0219i stilat\u0103 pentru servirea zilnic\u0103. Modelul clasic \u00een carouri, \u00een nuan\u021be pastelate, adaug\u0103 un plus de c\u0103ldur\u0103 \u0219i prospe\u021bime buc\u0103t\u0103riei sau diningului. Potrivit\u0103 pentru mese p\u0103trate, ofer\u0103 un aspect ordonat \u0219i armonios, ideal at\u00e2t pentru mesele \u00een familie, c\u00e2t \u0219i pentru \u00eent\u00e2lnirile cu prietenii.   <\/p>\n","protected":false},"excerpt":{"rendered":"<p class=\"p1\">Fa\u021b\u0103 de mas\u0103 \u00een carouri, perfect\u0103 pentru o servire simpl\u0103 \u0219i elegant\u0103.<\/p>\n","protected":false},"featured_media":9659,"template":"","meta":[],"product_brand":[],"product_cat":[240,743],"product_tag":[],"class_list":{"0":"post-9664","1":"product","2":"type-product","3":"status-publish","4":"has-post-thumbnail","6":"product_cat-tekstil-dlya-doma","7":"product_cat-stolovyy-tekstil","8":"pa_brand-tognana","9":"pa_color-multicolor","10":"pa_material-597","11":"pa_shape-609","12":"pa_shape-610","13":"pa_size-140x140-","14":"pa_size-140x180-","16":"first","17":"instock","18":"shipping-taxable","19":"purchasable","20":"product-type-variable"},"_links":{"self":[{"href":"https:\/\/moi-dom.md\/ro\/wp-json\/wp\/v2\/product\/9664","targetHints":{"allow":["GET"]}}],"collection":[{"href":"https:\/\/moi-dom.md\/ro\/wp-json\/wp\/v2\/product"}],"about":[{"href":"https:\/\/moi-dom.md\/ro\/wp-json\/wp\/v2\/types\/product"}],"version-history":[{"count":0,"href":"https:\/\/moi-dom.md\/ro\/wp-json\/wp\/v2\/product\/9664\/revisions"}],"wp:featuredmedia":[{"embeddable":true,"href":"https:\/\/moi-dom.md\/ro\/wp-json\/wp\/v2\/media\/9659"}],"wp:attachment":[{"href":"https:\/\/moi-dom.md\/ro\/wp-json\/wp\/v2\/media?parent=9664"}],"wp:term":[{"taxonomy":"product_brand","embeddable":true,"href":"https:\/\/moi-dom.md\/ro\/wp-json\/wp\/v2\/product_brand?post=9664"},{"taxonomy":"product_cat","embeddable":true,"href":"https:\/\/moi-dom.md\/ro\/wp-json\/wp\/v2\/product_cat?post=9664"},{"taxonomy":"product_tag","embeddable":true,"href":"https:\/\/moi-dom.md\/ro\/wp-json\/wp\/v2\/product_tag?post=9664"}],"curies":[{"name":"wp","href":"https:\/\/api.w.org\/{rel}","templated":true}]}}