{"id":9651,"date":"2026-02-14T13:36:21","date_gmt":"2026-02-14T10:36:21","guid":{"rendered":"https:\/\/moi-dom.md\/product\/fata-de-masa-sterlizia\/"},"modified":"2026-02-14T13:41:24","modified_gmt":"2026-02-14T10:41:24","slug":"fata-de-masa-sterlizia","status":"publish","type":"product","link":"https:\/\/moi-dom.md\/ro\/produs\/fata-de-masa-sterlizia\/","title":{"rendered":"Fa\u021b\u0103 de mas\u0103 Sterlizia"},"content":{"rendered":"<p class=\"p1\">Fa\u021ba de mas\u0103 Sterlizia aduce un accent vibrant oric\u0103rei mese. Imprimeul floral tropical cu sterli\u021bii \u00een nuan\u021be intense creeaz\u0103 o atmosfer\u0103 cald\u0103 \u0219i primitoare. \u021aes\u0103tura dens\u0103 se a\u0219az\u0103 frumos pe mas\u0103, \u00ee\u0219i p\u0103streaz\u0103 forma \u0219i este potrivit\u0103 at\u00e2t pentru utilizarea zilnic\u0103, c\u00e2t \u0219i pentru ocazii speciale. Ideal\u0103 pentru buc\u0103t\u0103rie, dining sau teras\u0103.   <\/p>\n","protected":false},"excerpt":{"rendered":"<p class=\"p1\">Fa\u021b\u0103 de mas\u0103 cu imprimeu floral tropical, perfect\u0103 pentru o servire plin\u0103 de culoare \u0219i stil.<\/p>\n","protected":false},"featured_media":9650,"template":"","meta":[],"product_brand":[],"product_cat":[249,750],"product_tag":[],"class_list":{"0":"post-9651","1":"product","2":"type-product","3":"status-publish","4":"has-post-thumbnail","6":"product_cat-textile-pentru-casa","7":"product_cat-textile-pentru-masa","8":"pa_brand-andrea-fontebasso","9":"pa_color-multicolor","10":"pa_material-bumbac","11":"pa_shape-dreptunghiulara","12":"pa_size-140x180-cm","13":"pa_size-140x240-cm","15":"first","16":"instock","17":"shipping-taxable","18":"purchasable","19":"product-type-variable"},"_links":{"self":[{"href":"https:\/\/moi-dom.md\/ro\/wp-json\/wp\/v2\/product\/9651","targetHints":{"allow":["GET"]}}],"collection":[{"href":"https:\/\/moi-dom.md\/ro\/wp-json\/wp\/v2\/product"}],"about":[{"href":"https:\/\/moi-dom.md\/ro\/wp-json\/wp\/v2\/types\/product"}],"version-history":[{"count":1,"href":"https:\/\/moi-dom.md\/ro\/wp-json\/wp\/v2\/product\/9651\/revisions"}],"predecessor-version":[{"id":9656,"href":"https:\/\/moi-dom.md\/ro\/wp-json\/wp\/v2\/product\/9651\/revisions\/9656"}],"wp:featuredmedia":[{"embeddable":true,"href":"https:\/\/moi-dom.md\/ro\/wp-json\/wp\/v2\/media\/9650"}],"wp:attachment":[{"href":"https:\/\/moi-dom.md\/ro\/wp-json\/wp\/v2\/media?parent=9651"}],"wp:term":[{"taxonomy":"product_brand","embeddable":true,"href":"https:\/\/moi-dom.md\/ro\/wp-json\/wp\/v2\/product_brand?post=9651"},{"taxonomy":"product_cat","embeddable":true,"href":"https:\/\/moi-dom.md\/ro\/wp-json\/wp\/v2\/product_cat?post=9651"},{"taxonomy":"product_tag","embeddable":true,"href":"https:\/\/moi-dom.md\/ro\/wp-json\/wp\/v2\/product_tag?post=9651"}],"curies":[{"name":"wp","href":"https:\/\/api.w.org\/{rel}","templated":true}]}}