{"id":9645,"date":"2026-02-14T13:28:48","date_gmt":"2026-02-14T10:28:48","guid":{"rendered":"https:\/\/moi-dom.md\/product\/fata-de-masa-gordon\/"},"modified":"2026-02-14T13:28:48","modified_gmt":"2026-02-14T10:28:48","slug":"fata-de-masa-gordon","status":"publish","type":"product","link":"https:\/\/moi-dom.md\/ro\/produs\/fata-de-masa-gordon\/","title":{"rendered":"Fa\u021b\u0103 de mas\u0103 Gordon"},"content":{"rendered":"<p class=\"p1\">Fa\u021ba de mas\u0103 Gordon este realizat\u0103 din bumbac natural \u0219i decorat\u0103 cu un model multicolor expresiv. \u021aes\u0103tura dens\u0103 cade elegant pe mas\u0103 \u0219i este potrivit\u0103 at\u00e2t pentru utilizarea zilnic\u0103, c\u00e2t \u0219i pentru ocazii speciale. O solu\u021bie practic\u0103 pentru buc\u0103t\u0103rie sau dining, care \u00eembin\u0103 func\u021bionalitatea cu stilul.  <\/p>\n","protected":false},"excerpt":{"rendered":"<p class=\"p1\">Fa\u021b\u0103 de mas\u0103 din bumbac cu model geometric colorat. Ofer\u0103 un accent vibrant \u0219i personalitate mesei. <\/p>\n","protected":false},"featured_media":9642,"template":"","meta":[],"product_brand":[],"product_cat":[249,750],"product_tag":[],"class_list":{"0":"post-9645","1":"product","2":"type-product","3":"status-publish","4":"has-post-thumbnail","6":"product_cat-textile-pentru-casa","7":"product_cat-textile-pentru-masa","8":"pa_brand-tognana","9":"pa_color-multicolor","10":"pa_material-bumbac","11":"pa_shape-dreptunghiulara","12":"pa_size-140x180-cm","14":"first","15":"instock","16":"shipping-taxable","17":"purchasable","18":"product-type-simple"},"_links":{"self":[{"href":"https:\/\/moi-dom.md\/ro\/wp-json\/wp\/v2\/product\/9645","targetHints":{"allow":["GET"]}}],"collection":[{"href":"https:\/\/moi-dom.md\/ro\/wp-json\/wp\/v2\/product"}],"about":[{"href":"https:\/\/moi-dom.md\/ro\/wp-json\/wp\/v2\/types\/product"}],"version-history":[{"count":0,"href":"https:\/\/moi-dom.md\/ro\/wp-json\/wp\/v2\/product\/9645\/revisions"}],"wp:featuredmedia":[{"embeddable":true,"href":"https:\/\/moi-dom.md\/ro\/wp-json\/wp\/v2\/media\/9642"}],"wp:attachment":[{"href":"https:\/\/moi-dom.md\/ro\/wp-json\/wp\/v2\/media?parent=9645"}],"wp:term":[{"taxonomy":"product_brand","embeddable":true,"href":"https:\/\/moi-dom.md\/ro\/wp-json\/wp\/v2\/product_brand?post=9645"},{"taxonomy":"product_cat","embeddable":true,"href":"https:\/\/moi-dom.md\/ro\/wp-json\/wp\/v2\/product_cat?post=9645"},{"taxonomy":"product_tag","embeddable":true,"href":"https:\/\/moi-dom.md\/ro\/wp-json\/wp\/v2\/product_tag?post=9645"}],"curies":[{"name":"wp","href":"https:\/\/api.w.org\/{rel}","templated":true}]}}