{"id":9499,"date":"2026-02-12T21:26:20","date_gmt":"2026-02-12T18:26:20","guid":{"rendered":"https:\/\/moi-dom.md\/product\/vaza-ibiscus\/"},"modified":"2026-02-15T20:24:45","modified_gmt":"2026-02-15T17:24:45","slug":"vaza-ibiscus","status":"publish","type":"product","link":"https:\/\/moi-dom.md\/ro\/produs\/vaza-ibiscus\/","title":{"rendered":"Vaza Ibiscus"},"content":{"rendered":"<p class=\"p1\">Vaza din sticl\u0103 are un design elegant, cu linii fluide \u0219i margini ondulate. Baza \u00een relief confer\u0103 modelului stabilitate \u0219i un contur caracteristic. Este potrivit\u0103 pentru flori naturale, flori uscate sau ca element decorativ independent \u00een interior.  <\/p>\n","protected":false},"excerpt":{"rendered":"<p class=\"p1\">Vaz\u0103 de sticl\u0103 cu margine ondulat\u0103 \u0219i siluet\u0103 expresiv\u0103. Potrivit\u0103 pentru flori naturale \u0219i compozi\u021bii decorative. <\/p>\n","protected":false},"featured_media":9498,"template":"","meta":[],"product_brand":[],"product_cat":[247,676],"product_tag":[],"class_list":{"0":"post-9499","1":"product","2":"type-product","3":"status-publish","4":"has-post-thumbnail","6":"product_cat-decor-pentru-casa","7":"product_cat-vaze","8":"pa_brand-andrea-fontebasso","9":"pa_color-baby-blue","10":"pa_color-verde","11":"pa_color-violet","12":"pa_material-sticla","13":"pa_shape-figurata","14":"pa_size-inaltime-19-cm","16":"first","17":"instock","18":"shipping-taxable","19":"purchasable","20":"product-type-variable"},"_links":{"self":[{"href":"https:\/\/moi-dom.md\/ro\/wp-json\/wp\/v2\/product\/9499","targetHints":{"allow":["GET"]}}],"collection":[{"href":"https:\/\/moi-dom.md\/ro\/wp-json\/wp\/v2\/product"}],"about":[{"href":"https:\/\/moi-dom.md\/ro\/wp-json\/wp\/v2\/types\/product"}],"version-history":[{"count":1,"href":"https:\/\/moi-dom.md\/ro\/wp-json\/wp\/v2\/product\/9499\/revisions"}],"predecessor-version":[{"id":9506,"href":"https:\/\/moi-dom.md\/ro\/wp-json\/wp\/v2\/product\/9499\/revisions\/9506"}],"wp:featuredmedia":[{"embeddable":true,"href":"https:\/\/moi-dom.md\/ro\/wp-json\/wp\/v2\/media\/9498"}],"wp:attachment":[{"href":"https:\/\/moi-dom.md\/ro\/wp-json\/wp\/v2\/media?parent=9499"}],"wp:term":[{"taxonomy":"product_brand","embeddable":true,"href":"https:\/\/moi-dom.md\/ro\/wp-json\/wp\/v2\/product_brand?post=9499"},{"taxonomy":"product_cat","embeddable":true,"href":"https:\/\/moi-dom.md\/ro\/wp-json\/wp\/v2\/product_cat?post=9499"},{"taxonomy":"product_tag","embeddable":true,"href":"https:\/\/moi-dom.md\/ro\/wp-json\/wp\/v2\/product_tag?post=9499"}],"curies":[{"name":"wp","href":"https:\/\/api.w.org\/{rel}","templated":true}]}}