{"id":9479,"date":"2026-02-12T20:41:15","date_gmt":"2026-02-12T17:41:15","guid":{"rendered":"https:\/\/moi-dom.md\/product\/vaza-tondo-pepita\/"},"modified":"2026-02-12T20:41:15","modified_gmt":"2026-02-12T17:41:15","slug":"vaza-tondo-pepita","status":"publish","type":"product","link":"https:\/\/moi-dom.md\/ro\/produs\/vaza-tondo-pepita\/","title":{"rendered":"Vaza Tondo Pepita"},"content":{"rendered":"<p class=\"p1\">Vaza este realizat\u0103 \u00eentr-o nuan\u021b\u0103 aurie, cu un model reliefat expresiv. Adaug\u0103 profunzime \u0219i elegan\u021b\u0103 interiorului, reflect\u00e2nd frumos lumina. Se potrive\u0219te pentru compozi\u021bii vii \u0219i uscate sau ca element decorativ independent.  <\/p>\n","protected":false},"excerpt":{"rendered":"<p class=\"p1\">Vaz\u0103 decorativ\u0103 cu textur\u0103 \u00een relief \u0219i efect auriu. Un accent luminos pentru interior \u2014 arat\u0103 frumos at\u00e2t cu flori, c\u00e2t \u0219i ca decor independent. <\/p>\n","protected":false},"featured_media":9476,"template":"","meta":[],"product_brand":[],"product_cat":[237,675],"product_tag":[],"class_list":{"0":"post-9479","1":"product","2":"type-product","3":"status-publish","4":"has-post-thumbnail","6":"product_cat-dekor-dlya-doma","7":"product_cat-vazy","8":"pa_brand-tognana","9":"pa_color-gold","10":"pa_material-594","11":"pa_shape-607","12":"pa_size-o25x23-","14":"first","15":"instock","16":"shipping-taxable","17":"purchasable","18":"product-type-simple"},"_links":{"self":[{"href":"https:\/\/moi-dom.md\/ro\/wp-json\/wp\/v2\/product\/9479","targetHints":{"allow":["GET"]}}],"collection":[{"href":"https:\/\/moi-dom.md\/ro\/wp-json\/wp\/v2\/product"}],"about":[{"href":"https:\/\/moi-dom.md\/ro\/wp-json\/wp\/v2\/types\/product"}],"version-history":[{"count":0,"href":"https:\/\/moi-dom.md\/ro\/wp-json\/wp\/v2\/product\/9479\/revisions"}],"wp:featuredmedia":[{"embeddable":true,"href":"https:\/\/moi-dom.md\/ro\/wp-json\/wp\/v2\/media\/9476"}],"wp:attachment":[{"href":"https:\/\/moi-dom.md\/ro\/wp-json\/wp\/v2\/media?parent=9479"}],"wp:term":[{"taxonomy":"product_brand","embeddable":true,"href":"https:\/\/moi-dom.md\/ro\/wp-json\/wp\/v2\/product_brand?post=9479"},{"taxonomy":"product_cat","embeddable":true,"href":"https:\/\/moi-dom.md\/ro\/wp-json\/wp\/v2\/product_cat?post=9479"},{"taxonomy":"product_tag","embeddable":true,"href":"https:\/\/moi-dom.md\/ro\/wp-json\/wp\/v2\/product_tag?post=9479"}],"curies":[{"name":"wp","href":"https:\/\/api.w.org\/{rel}","templated":true}]}}