{"id":9470,"date":"2026-02-12T20:01:33","date_gmt":"2026-02-12T17:01:33","guid":{"rendered":"https:\/\/moi-dom.md\/product\/fata-de-masa-versaille\/"},"modified":"2026-02-12T20:01:33","modified_gmt":"2026-02-12T17:01:33","slug":"fata-de-masa-versaille","status":"publish","type":"product","link":"https:\/\/moi-dom.md\/ro\/produs\/fata-de-masa-versaille\/","title":{"rendered":"Fa\u021b\u0103 de mas\u0103 Versaille"},"content":{"rendered":"<p class=\"p1\">Fata de mas\u0103 din bumbac natural, cu un model elegant bej-auriu, confer\u0103 mesei o elegan\u021b\u0103 clasic\u0103 \u0219i delicat\u0103. \u021aes\u0103tura din bumbac este pl\u0103cut\u0103 la atingere, se drapeaz\u0103 bine \u0219i creeaz\u0103 o senza\u021bie de c\u0103ldur\u0103 \u0219i confort \u00een interior. <\/p>\n","protected":false},"excerpt":{"rendered":"<p class=\"p1\">Fat\u0103 de mas\u0103 din bumbac cu un elegant ornament bej-auriu. \u021aes\u0103tura natural\u0103 confer\u0103 mesei un aspect delicat \u0219i creeaz\u0103 o atmosfer\u0103 confortabil\u0103 la mas\u0103. <\/p>\n","protected":false},"featured_media":9459,"template":"","meta":[],"product_brand":[],"product_cat":[249,750],"product_tag":[],"class_list":{"0":"post-9470","1":"product","2":"type-product","3":"status-publish","4":"has-post-thumbnail","6":"product_cat-textile-pentru-casa","7":"product_cat-textile-pentru-masa","8":"pa_brand-andrea-fontebasso","9":"pa_color-multicolor","10":"pa_material-bumbac","11":"pa_shape-dreptunghiulara","12":"pa_size-140x180-cm","13":"pa_size-140x240-cm","14":"pa_size-o170-cm","16":"first","17":"instock","18":"shipping-taxable","19":"purchasable","20":"product-type-variable"},"_links":{"self":[{"href":"https:\/\/moi-dom.md\/ro\/wp-json\/wp\/v2\/product\/9470","targetHints":{"allow":["GET"]}}],"collection":[{"href":"https:\/\/moi-dom.md\/ro\/wp-json\/wp\/v2\/product"}],"about":[{"href":"https:\/\/moi-dom.md\/ro\/wp-json\/wp\/v2\/types\/product"}],"version-history":[{"count":0,"href":"https:\/\/moi-dom.md\/ro\/wp-json\/wp\/v2\/product\/9470\/revisions"}],"wp:featuredmedia":[{"embeddable":true,"href":"https:\/\/moi-dom.md\/ro\/wp-json\/wp\/v2\/media\/9459"}],"wp:attachment":[{"href":"https:\/\/moi-dom.md\/ro\/wp-json\/wp\/v2\/media?parent=9470"}],"wp:term":[{"taxonomy":"product_brand","embeddable":true,"href":"https:\/\/moi-dom.md\/ro\/wp-json\/wp\/v2\/product_brand?post=9470"},{"taxonomy":"product_cat","embeddable":true,"href":"https:\/\/moi-dom.md\/ro\/wp-json\/wp\/v2\/product_cat?post=9470"},{"taxonomy":"product_tag","embeddable":true,"href":"https:\/\/moi-dom.md\/ro\/wp-json\/wp\/v2\/product_tag?post=9470"}],"curies":[{"name":"wp","href":"https:\/\/api.w.org\/{rel}","templated":true}]}}