{"id":9402,"date":"2026-02-12T16:04:09","date_gmt":"2026-02-12T13:04:09","guid":{"rendered":"https:\/\/moi-dom.md\/product\/fata-de-masa-libellule\/"},"modified":"2026-02-12T16:04:09","modified_gmt":"2026-02-12T13:04:09","slug":"fata-de-masa-libellule","status":"publish","type":"product","link":"https:\/\/moi-dom.md\/ro\/produs\/fata-de-masa-libellule\/","title":{"rendered":"Fa\u021b\u0103 de mas\u0103 Libellule"},"content":{"rendered":"<p class=\"p1\">Fata de mas\u0103 din bumbac natural, cu un model delicat de libelule, confer\u0103 mesei un aspect \u00eengrijit \u0219i \u201eaerisit\u201d, f\u0103r\u0103 a supra\u00eenc\u0103rca interiorul. \u021aes\u0103tura este pl\u0103cut\u0103 la atingere, se a\u0219eaz\u0103 bine pe suprafa\u021b\u0103 \u0219i este potrivit\u0103 pentru servirea zilnic\u0103. Este ideal\u0103 atunci c\u00e2nd dori\u021bi confort, dar f\u0103r\u0103 detalii inutile.  <\/p>\n","protected":false},"excerpt":{"rendered":"<p class=\"p1\">Fat\u0103 de mas\u0103 din bumbac cu imprimeu delicat cu libelule \u2014 un accent discret pentru o mas\u0103 lini\u0219tit\u0103 \u0219i confortabil\u0103. Potrivit\u0103 pentru utilizare zilnic\u0103 \u0219i arat\u0103 frumos \u00een interioare luminoase. <\/p>\n","protected":false},"featured_media":9293,"template":"","meta":[],"product_brand":[],"product_cat":[249,750],"product_tag":[],"class_list":{"0":"post-9402","1":"product","2":"type-product","3":"status-publish","4":"has-post-thumbnail","6":"product_cat-textile-pentru-casa","7":"product_cat-textile-pentru-masa","8":"pa_brand-tognana","9":"pa_color-multicolor","10":"pa_material-bumbac","11":"pa_shape-dreptunghiulara","12":"pa_size-140x180-cm","14":"first","15":"instock","16":"shipping-taxable","17":"purchasable","18":"product-type-simple"},"_links":{"self":[{"href":"https:\/\/moi-dom.md\/ro\/wp-json\/wp\/v2\/product\/9402","targetHints":{"allow":["GET"]}}],"collection":[{"href":"https:\/\/moi-dom.md\/ro\/wp-json\/wp\/v2\/product"}],"about":[{"href":"https:\/\/moi-dom.md\/ro\/wp-json\/wp\/v2\/types\/product"}],"version-history":[{"count":0,"href":"https:\/\/moi-dom.md\/ro\/wp-json\/wp\/v2\/product\/9402\/revisions"}],"wp:featuredmedia":[{"embeddable":true,"href":"https:\/\/moi-dom.md\/ro\/wp-json\/wp\/v2\/media\/9293"}],"wp:attachment":[{"href":"https:\/\/moi-dom.md\/ro\/wp-json\/wp\/v2\/media?parent=9402"}],"wp:term":[{"taxonomy":"product_brand","embeddable":true,"href":"https:\/\/moi-dom.md\/ro\/wp-json\/wp\/v2\/product_brand?post=9402"},{"taxonomy":"product_cat","embeddable":true,"href":"https:\/\/moi-dom.md\/ro\/wp-json\/wp\/v2\/product_cat?post=9402"},{"taxonomy":"product_tag","embeddable":true,"href":"https:\/\/moi-dom.md\/ro\/wp-json\/wp\/v2\/product_tag?post=9402"}],"curies":[{"name":"wp","href":"https:\/\/api.w.org\/{rel}","templated":true}]}}