{"id":9398,"date":"2026-02-12T15:57:05","date_gmt":"2026-02-12T12:57:05","guid":{"rendered":"https:\/\/moi-dom.md\/product\/fata-de-masa-citrus\/"},"modified":"2026-02-12T19:10:33","modified_gmt":"2026-02-12T16:10:33","slug":"fata-de-masa-citrus","status":"publish","type":"product","link":"https:\/\/moi-dom.md\/ro\/produs\/fata-de-masa-citrus\/","title":{"rendered":"Fa\u021b\u0103 de mas\u0103 Citrus"},"content":{"rendered":"<p class=\"p1\">Fata de mas\u0103 este confec\u021bionat\u0103 din bumbac \u2014 un material respirabil \u0219i pl\u0103cut la atingere, care se a\u0219eaz\u0103 bine pe mas\u0103 \u0219i \u00ee\u0219i p\u0103streaz\u0103 forma. Imprimeul luminos \u00een nuan\u021be de l\u0103m\u00e2ie adaug\u0103 prospe\u021bime \u0219i accent interiorului buc\u0103t\u0103riei sau sufrageriei. Potrivit pentru utilizare zilnic\u0103 \u0219i pentru a crea o atmosfer\u0103 pl\u0103cut\u0103 \u00een detalii.  <\/p>\n","protected":false},"excerpt":{"rendered":"<p class=\"p1\">Fat\u0103 de mas\u0103 din bumbac natural cu imprimeu citric viu. \u00cemprosp\u0103teaz\u0103 interiorul \u0219i este potrivit\u0103 at\u00e2t pentru servirea zilnic\u0103, c\u00e2t \u0219i pentru \u00eent\u00e2lnirile de var\u0103 la mas\u0103. <\/p>\n","protected":false},"featured_media":9307,"template":"","meta":[],"product_brand":[],"product_cat":[240,743],"product_tag":[],"class_list":{"0":"post-9398","1":"product","2":"type-product","3":"status-publish","4":"has-post-thumbnail","6":"product_cat-tekstil-dlya-doma","7":"product_cat-stolovyy-tekstil","8":"pa_brand-andrea-fontebasso","9":"pa_color-multicolor","10":"pa_material-597","11":"pa_shape-609","12":"pa_size-140x180-","13":"pa_size-140x240-","15":"first","16":"instock","17":"shipping-taxable","18":"purchasable","19":"product-type-variable"},"_links":{"self":[{"href":"https:\/\/moi-dom.md\/ro\/wp-json\/wp\/v2\/product\/9398","targetHints":{"allow":["GET"]}}],"collection":[{"href":"https:\/\/moi-dom.md\/ro\/wp-json\/wp\/v2\/product"}],"about":[{"href":"https:\/\/moi-dom.md\/ro\/wp-json\/wp\/v2\/types\/product"}],"version-history":[{"count":1,"href":"https:\/\/moi-dom.md\/ro\/wp-json\/wp\/v2\/product\/9398\/revisions"}],"predecessor-version":[{"id":9448,"href":"https:\/\/moi-dom.md\/ro\/wp-json\/wp\/v2\/product\/9398\/revisions\/9448"}],"wp:featuredmedia":[{"embeddable":true,"href":"https:\/\/moi-dom.md\/ro\/wp-json\/wp\/v2\/media\/9307"}],"wp:attachment":[{"href":"https:\/\/moi-dom.md\/ro\/wp-json\/wp\/v2\/media?parent=9398"}],"wp:term":[{"taxonomy":"product_brand","embeddable":true,"href":"https:\/\/moi-dom.md\/ro\/wp-json\/wp\/v2\/product_brand?post=9398"},{"taxonomy":"product_cat","embeddable":true,"href":"https:\/\/moi-dom.md\/ro\/wp-json\/wp\/v2\/product_cat?post=9398"},{"taxonomy":"product_tag","embeddable":true,"href":"https:\/\/moi-dom.md\/ro\/wp-json\/wp\/v2\/product_tag?post=9398"}],"curies":[{"name":"wp","href":"https:\/\/api.w.org\/{rel}","templated":true}]}}