{"id":9391,"date":"2026-02-12T14:06:48","date_gmt":"2026-02-12T11:06:48","guid":{"rendered":"https:\/\/moi-dom.md\/product\/fata-de-masa-florence\/"},"modified":"2026-02-12T14:06:48","modified_gmt":"2026-02-12T11:06:48","slug":"fata-de-masa-florence","status":"publish","type":"product","link":"https:\/\/moi-dom.md\/ro\/produs\/fata-de-masa-florence\/","title":{"rendered":"Fa\u021b\u0103 de mas\u0103 Florence"},"content":{"rendered":"<p class=\"p1\">Fata de mas\u0103 din bumbac Florence, cu imprimeu natural viu, va \u00eenviora interiorul buc\u0103t\u0103riei sau al sufrageriei. \u021aes\u0103tura dens\u0103 \u00ee\u0219i p\u0103streaz\u0103 bine forma \u0219i este potrivit\u0103 pentru utilizarea zilnic\u0103. Dimensiune practic\u0103 pentru mese \u00een familie \u0219i seri confortabile.  <\/p>\n","protected":false},"excerpt":{"rendered":"<p class=\"p1\">Fata de mas\u0103 din bumbac Florence \u2014 un accent luminos pentru buc\u0103t\u0103rie sau sufragerie. \u021aes\u0103tur\u0103 dens\u0103, imprimeu saturat, format convenabil pentru utilizarea zilnic\u0103. <\/p>\n","protected":false},"featured_media":9290,"template":"","meta":[],"product_brand":[],"product_cat":[249,750],"product_tag":[],"class_list":{"0":"post-9391","1":"product","2":"type-product","3":"status-publish","4":"has-post-thumbnail","6":"product_cat-textile-pentru-casa","7":"product_cat-textile-pentru-masa","8":"pa_brand-tognana","9":"pa_color-multicolor","10":"pa_material-bumbac","11":"pa_shape-dreptunghiulara","12":"pa_size-140x180-cm","14":"first","15":"instock","16":"shipping-taxable","17":"purchasable","18":"product-type-simple"},"_links":{"self":[{"href":"https:\/\/moi-dom.md\/ro\/wp-json\/wp\/v2\/product\/9391","targetHints":{"allow":["GET"]}}],"collection":[{"href":"https:\/\/moi-dom.md\/ro\/wp-json\/wp\/v2\/product"}],"about":[{"href":"https:\/\/moi-dom.md\/ro\/wp-json\/wp\/v2\/types\/product"}],"version-history":[{"count":0,"href":"https:\/\/moi-dom.md\/ro\/wp-json\/wp\/v2\/product\/9391\/revisions"}],"wp:featuredmedia":[{"embeddable":true,"href":"https:\/\/moi-dom.md\/ro\/wp-json\/wp\/v2\/media\/9290"}],"wp:attachment":[{"href":"https:\/\/moi-dom.md\/ro\/wp-json\/wp\/v2\/media?parent=9391"}],"wp:term":[{"taxonomy":"product_brand","embeddable":true,"href":"https:\/\/moi-dom.md\/ro\/wp-json\/wp\/v2\/product_brand?post=9391"},{"taxonomy":"product_cat","embeddable":true,"href":"https:\/\/moi-dom.md\/ro\/wp-json\/wp\/v2\/product_cat?post=9391"},{"taxonomy":"product_tag","embeddable":true,"href":"https:\/\/moi-dom.md\/ro\/wp-json\/wp\/v2\/product_tag?post=9391"}],"curies":[{"name":"wp","href":"https:\/\/api.w.org\/{rel}","templated":true}]}}