{"id":9339,"date":"2026-02-11T16:08:52","date_gmt":"2026-02-11T13:08:52","guid":{"rendered":"https:\/\/moi-dom.md\/product\/fata-de-masa-panarea\/"},"modified":"2026-02-12T18:44:43","modified_gmt":"2026-02-12T15:44:43","slug":"fata-de-masa-panarea","status":"publish","type":"product","link":"https:\/\/moi-dom.md\/ro\/produs\/fata-de-masa-panarea\/","title":{"rendered":"Fa\u021b\u0103 de mas\u0103 Panarea"},"content":{"rendered":"<p class=\"p1\">Fata de mas\u0103 Panarea este confec\u021bionat\u0103 din bumbac natural \u0219i decorat\u0103 cu un model suculent de l\u0103m\u00e2i \u00een nuan\u021be de galben \u0219i verde. Imprimeul confer\u0103 interiorului o not\u0103 de lejeritate \u0219i o atmosfer\u0103 mediteranean\u0103. <\/p>\n","protected":false},"excerpt":{"rendered":"<p class=\"p1\">Fat\u0103 de mas\u0103 din bumbac cu imprimeu luminos \u00een nuan\u021be de l\u0103m\u00e2ie. \u00cemprosp\u0103teaz\u0103 interiorul \u0219i adaug\u0103 o not\u0103 solar\u0103. <\/p>\n","protected":false},"featured_media":9315,"template":"","meta":[],"product_brand":[],"product_cat":[249,750],"product_tag":[],"class_list":{"0":"post-9339","1":"product","2":"type-product","3":"status-publish","4":"has-post-thumbnail","6":"product_cat-textile-pentru-casa","7":"product_cat-textile-pentru-masa","8":"pa_brand-tognana","9":"pa_color-multicolor","10":"pa_material-bumbac","11":"pa_shape-dreptunghiulara","12":"pa_size-140x180-cm","13":"pa_size-140x240-cm","15":"first","16":"instock","17":"shipping-taxable","18":"purchasable","19":"product-type-variable"},"_links":{"self":[{"href":"https:\/\/moi-dom.md\/ro\/wp-json\/wp\/v2\/product\/9339","targetHints":{"allow":["GET"]}}],"collection":[{"href":"https:\/\/moi-dom.md\/ro\/wp-json\/wp\/v2\/product"}],"about":[{"href":"https:\/\/moi-dom.md\/ro\/wp-json\/wp\/v2\/types\/product"}],"version-history":[{"count":1,"href":"https:\/\/moi-dom.md\/ro\/wp-json\/wp\/v2\/product\/9339\/revisions"}],"predecessor-version":[{"id":9430,"href":"https:\/\/moi-dom.md\/ro\/wp-json\/wp\/v2\/product\/9339\/revisions\/9430"}],"wp:featuredmedia":[{"embeddable":true,"href":"https:\/\/moi-dom.md\/ro\/wp-json\/wp\/v2\/media\/9315"}],"wp:attachment":[{"href":"https:\/\/moi-dom.md\/ro\/wp-json\/wp\/v2\/media?parent=9339"}],"wp:term":[{"taxonomy":"product_brand","embeddable":true,"href":"https:\/\/moi-dom.md\/ro\/wp-json\/wp\/v2\/product_brand?post=9339"},{"taxonomy":"product_cat","embeddable":true,"href":"https:\/\/moi-dom.md\/ro\/wp-json\/wp\/v2\/product_cat?post=9339"},{"taxonomy":"product_tag","embeddable":true,"href":"https:\/\/moi-dom.md\/ro\/wp-json\/wp\/v2\/product_tag?post=9339"}],"curies":[{"name":"wp","href":"https:\/\/api.w.org\/{rel}","templated":true}]}}