{"id":9335,"date":"2026-02-11T16:02:41","date_gmt":"2026-02-11T13:02:41","guid":{"rendered":"https:\/\/moi-dom.md\/product\/fata-de-masa-love\/"},"modified":"2026-02-12T18:56:10","modified_gmt":"2026-02-12T15:56:10","slug":"fata-de-masa-love","status":"publish","type":"product","link":"https:\/\/moi-dom.md\/ro\/produs\/fata-de-masa-love\/","title":{"rendered":"Fa\u021ba de mas\u0103 Love"},"content":{"rendered":"<p class=\"p1\">Fata de mas\u0103 Love este confec\u021bionat\u0103 din bumbac natural \u0219i decorat\u0103 cu un model romantic delicat. Nuanta ro\u0219ie adaug\u0103 c\u0103ldur\u0103 \u0219i o atmosfer\u0103 festiv\u0103 interiorului. <\/p>\n","protected":false},"excerpt":{"rendered":"<p class=\"p1\">Fat\u0103 de mas\u0103 din bumbac cu imprimeu delicat Love \u00een nuan\u021be de ro\u0219u. Creeaz\u0103 o atmosfer\u0103 cald\u0103 \u0219i confortabil\u0103 la mas\u0103. <\/p>\n","protected":false},"featured_media":9310,"template":"","meta":[],"product_brand":[],"product_cat":[249,750],"product_tag":[],"class_list":{"0":"post-9335","1":"product","2":"type-product","3":"status-publish","4":"has-post-thumbnail","6":"product_cat-textile-pentru-casa","7":"product_cat-textile-pentru-masa","8":"pa_brand-tognana","9":"pa_color-white","10":"pa_color-red","11":"pa_material-bumbac","12":"pa_shape-dreptunghiulara","13":"pa_size-140x180-cm","14":"pa_size-140x240-cm","16":"first","17":"instock","18":"shipping-taxable","19":"purchasable","20":"product-type-variable"},"_links":{"self":[{"href":"https:\/\/moi-dom.md\/ro\/wp-json\/wp\/v2\/product\/9335","targetHints":{"allow":["GET"]}}],"collection":[{"href":"https:\/\/moi-dom.md\/ro\/wp-json\/wp\/v2\/product"}],"about":[{"href":"https:\/\/moi-dom.md\/ro\/wp-json\/wp\/v2\/types\/product"}],"version-history":[{"count":1,"href":"https:\/\/moi-dom.md\/ro\/wp-json\/wp\/v2\/product\/9335\/revisions"}],"predecessor-version":[{"id":9421,"href":"https:\/\/moi-dom.md\/ro\/wp-json\/wp\/v2\/product\/9335\/revisions\/9421"}],"wp:featuredmedia":[{"embeddable":true,"href":"https:\/\/moi-dom.md\/ro\/wp-json\/wp\/v2\/media\/9310"}],"wp:attachment":[{"href":"https:\/\/moi-dom.md\/ro\/wp-json\/wp\/v2\/media?parent=9335"}],"wp:term":[{"taxonomy":"product_brand","embeddable":true,"href":"https:\/\/moi-dom.md\/ro\/wp-json\/wp\/v2\/product_brand?post=9335"},{"taxonomy":"product_cat","embeddable":true,"href":"https:\/\/moi-dom.md\/ro\/wp-json\/wp\/v2\/product_cat?post=9335"},{"taxonomy":"product_tag","embeddable":true,"href":"https:\/\/moi-dom.md\/ro\/wp-json\/wp\/v2\/product_tag?post=9335"}],"curies":[{"name":"wp","href":"https:\/\/api.w.org\/{rel}","templated":true}]}}