{"id":9331,"date":"2026-02-11T15:55:04","date_gmt":"2026-02-11T12:55:04","guid":{"rendered":"https:\/\/moi-dom.md\/product\/fata-de-masa-calypso\/"},"modified":"2026-02-11T15:55:04","modified_gmt":"2026-02-11T12:55:04","slug":"fata-de-masa-calypso","status":"publish","type":"product","link":"https:\/\/moi-dom.md\/ro\/produs\/fata-de-masa-calypso\/","title":{"rendered":"Fa\u021b\u0103 de mas\u0103 Calypso"},"content":{"rendered":"<p class=\"p1\">Fata de mas\u0103 Calypso este confec\u021bionat\u0103 din bumbac natural \u0219i decorat\u0103 cu un model floral dinamic pe un fundal deschis. Aceasta confer\u0103 mesei un aspect proasp\u0103t \u0219i o atmosfer\u0103 tropical\u0103 u\u0219oar\u0103, f\u0103r\u0103 a supra\u00eenc\u0103rca spa\u021biul. <\/p>\n","protected":false},"excerpt":{"rendered":"<p class=\"p1\">\u0425\u043b\u043e\u043f\u043a\u043e\u0432\u0430\u044f \u0441\u043a\u0430\u0442\u0435\u0440\u0442\u044c \u0438\u0437 \u043a\u043e\u043b\u043b\u0435\u043a\u0446\u0438\u0438 Calypso \u0441 \u0432\u044b\u0440\u0430\u0437\u0438\u0442\u0435\u043b\u044c\u043d\u044b\u043c \u0440\u0430\u0441\u0442\u0438\u0442\u0435\u043b\u044c\u043d\u044b\u043c \u043f\u0440\u0438\u043d\u0442\u043e\u043c. \u0421\u0432\u0435\u0442\u043b\u0430\u044f \u043e\u0441\u043d\u043e\u0432\u0430 \u0438 \u0441\u043e\u0447\u043d\u044b\u0435 \u043b\u0438\u0441\u0442\u044c\u044f \u0434\u0435\u043b\u0430\u044e\u0442 \u0441\u0442\u043e\u043b \u044f\u0440\u043a\u0438\u043c \u0430\u043a\u0446\u0435\u043d\u0442\u043e\u043c \u0438\u043d\u0442\u0435\u0440\u044c\u0435\u0440\u0430. <\/p>\n","protected":false},"featured_media":9289,"template":"","meta":[],"product_brand":[],"product_cat":[240,743],"product_tag":[],"class_list":{"0":"post-9331","1":"product","2":"type-product","3":"status-publish","4":"has-post-thumbnail","6":"product_cat-tekstil-dlya-doma","7":"product_cat-stolovyy-tekstil","8":"pa_brand-andrea-fontebasso","9":"pa_color-multicolor","10":"pa_material-597","11":"pa_shape-609","12":"pa_size-140x180-","14":"first","15":"instock","16":"shipping-taxable","17":"purchasable","18":"product-type-simple"},"_links":{"self":[{"href":"https:\/\/moi-dom.md\/ro\/wp-json\/wp\/v2\/product\/9331","targetHints":{"allow":["GET"]}}],"collection":[{"href":"https:\/\/moi-dom.md\/ro\/wp-json\/wp\/v2\/product"}],"about":[{"href":"https:\/\/moi-dom.md\/ro\/wp-json\/wp\/v2\/types\/product"}],"version-history":[{"count":0,"href":"https:\/\/moi-dom.md\/ro\/wp-json\/wp\/v2\/product\/9331\/revisions"}],"wp:featuredmedia":[{"embeddable":true,"href":"https:\/\/moi-dom.md\/ro\/wp-json\/wp\/v2\/media\/9289"}],"wp:attachment":[{"href":"https:\/\/moi-dom.md\/ro\/wp-json\/wp\/v2\/media?parent=9331"}],"wp:term":[{"taxonomy":"product_brand","embeddable":true,"href":"https:\/\/moi-dom.md\/ro\/wp-json\/wp\/v2\/product_brand?post=9331"},{"taxonomy":"product_cat","embeddable":true,"href":"https:\/\/moi-dom.md\/ro\/wp-json\/wp\/v2\/product_cat?post=9331"},{"taxonomy":"product_tag","embeddable":true,"href":"https:\/\/moi-dom.md\/ro\/wp-json\/wp\/v2\/product_tag?post=9331"}],"curies":[{"name":"wp","href":"https:\/\/api.w.org\/{rel}","templated":true}]}}