{"id":9327,"date":"2026-02-11T15:49:01","date_gmt":"2026-02-11T12:49:01","guid":{"rendered":"https:\/\/moi-dom.md\/product\/fata-de-masa-shanti\/"},"modified":"2026-02-13T10:08:26","modified_gmt":"2026-02-13T07:08:26","slug":"fata-de-masa-shanti","status":"publish","type":"product","link":"https:\/\/moi-dom.md\/ro\/produs\/fata-de-masa-shanti\/","title":{"rendered":"Fa\u021ba de mas\u0103 Shanti"},"content":{"rendered":"<p class=\"p1\">Fata de mas\u0103 Shanti este confec\u021bionat\u0103 din bumbac natural \u0219i decorat\u0103 cu un ornament delicat \u00een nuan\u021be de bej. Nuan\u021ba universal\u0103 se potrive\u0219te u\u0219or cu orice vesel\u0103 \u0219i interior, cre\u00e2nd o senza\u021bie de cur\u0103\u021benie \u0219i ordine. <\/p>\n","protected":false},"excerpt":{"rendered":"<p class=\"p1\">Fat\u0103 de mas\u0103 din bumbac din colec\u021bia Shanti, \u00eentr-o nuan\u021b\u0103 delicat\u0103 de bej. Modelul neutru confer\u0103 mesei un aspect \u00eengrijit \u0219i elegant, f\u0103r\u0103 a fi supra\u00eenc\u0103rcat\u0103. <\/p>\n","protected":false},"featured_media":9314,"template":"","meta":[],"product_brand":[],"product_cat":[249,750],"product_tag":[],"class_list":{"0":"post-9327","1":"product","2":"type-product","3":"status-publish","4":"has-post-thumbnail","6":"product_cat-textile-pentru-casa","7":"product_cat-textile-pentru-masa","8":"pa_brand-tognana","9":"pa_color-white","10":"pa_color-beige","11":"pa_material-bumbac","12":"pa_shape-dreptunghiulara","13":"pa_size-140x180-cm","14":"pa_size-140x240-cm","16":"first","17":"instock","18":"shipping-taxable","19":"purchasable","20":"product-type-variable"},"_links":{"self":[{"href":"https:\/\/moi-dom.md\/ro\/wp-json\/wp\/v2\/product\/9327","targetHints":{"allow":["GET"]}}],"collection":[{"href":"https:\/\/moi-dom.md\/ro\/wp-json\/wp\/v2\/product"}],"about":[{"href":"https:\/\/moi-dom.md\/ro\/wp-json\/wp\/v2\/types\/product"}],"version-history":[{"count":1,"href":"https:\/\/moi-dom.md\/ro\/wp-json\/wp\/v2\/product\/9327\/revisions"}],"predecessor-version":[{"id":9511,"href":"https:\/\/moi-dom.md\/ro\/wp-json\/wp\/v2\/product\/9327\/revisions\/9511"}],"wp:featuredmedia":[{"embeddable":true,"href":"https:\/\/moi-dom.md\/ro\/wp-json\/wp\/v2\/media\/9314"}],"wp:attachment":[{"href":"https:\/\/moi-dom.md\/ro\/wp-json\/wp\/v2\/media?parent=9327"}],"wp:term":[{"taxonomy":"product_brand","embeddable":true,"href":"https:\/\/moi-dom.md\/ro\/wp-json\/wp\/v2\/product_brand?post=9327"},{"taxonomy":"product_cat","embeddable":true,"href":"https:\/\/moi-dom.md\/ro\/wp-json\/wp\/v2\/product_cat?post=9327"},{"taxonomy":"product_tag","embeddable":true,"href":"https:\/\/moi-dom.md\/ro\/wp-json\/wp\/v2\/product_tag?post=9327"}],"curies":[{"name":"wp","href":"https:\/\/api.w.org\/{rel}","templated":true}]}}