{"id":9323,"date":"2026-02-11T15:43:54","date_gmt":"2026-02-11T12:43:54","guid":{"rendered":"https:\/\/moi-dom.md\/product\/fata-de-masa-rustic\/"},"modified":"2026-02-12T18:53:41","modified_gmt":"2026-02-12T15:53:41","slug":"fata-de-masa-rustic","status":"publish","type":"product","link":"https:\/\/moi-dom.md\/ro\/produs\/fata-de-masa-rustic\/","title":{"rendered":"Fa\u021ba de mas\u0103 Rustic"},"content":{"rendered":"<p class=\"p1\">Fata de mas\u0103 Rustic este confec\u021bionat\u0103 din bumbac natural \u0219i decorat\u0103 cu un model clasic \u00een carouri, \u00een nuan\u021be calde de maro. Este ideal\u0103 pentru o mas\u0103 mare de sufragerie, cre\u00e2nd o atmosfer\u0103 confortabil\u0103 \u0219i relaxat\u0103 pentru o sear\u0103 acas\u0103. <\/p>\n","protected":false},"excerpt":{"rendered":"<p class=\"p1\">Fat\u0103 de mas\u0103 din bumbac \u00een carouri din colec\u021bia Rustic. Nuan\u021ba cald\u0103 de maro creeaz\u0103 o atmosfer\u0103 confortabil\u0103 \u0219i c\u0103lduroas\u0103. <\/p>\n","protected":false},"featured_media":9313,"template":"","meta":[],"product_brand":[],"product_cat":[249,750],"product_tag":[],"class_list":{"0":"post-9323","1":"product","2":"type-product","3":"status-publish","4":"has-post-thumbnail","6":"product_cat-textile-pentru-casa","7":"product_cat-textile-pentru-masa","8":"pa_brand-andrea-fontebasso","9":"pa_color-white","10":"pa_color-brown","11":"pa_material-bumbac","12":"pa_shape-dreptunghiulara","13":"pa_size-140x180-cm","14":"pa_size-140x240-cm","16":"first","17":"instock","18":"shipping-taxable","19":"purchasable","20":"product-type-variable"},"_links":{"self":[{"href":"https:\/\/moi-dom.md\/ro\/wp-json\/wp\/v2\/product\/9323","targetHints":{"allow":["GET"]}}],"collection":[{"href":"https:\/\/moi-dom.md\/ro\/wp-json\/wp\/v2\/product"}],"about":[{"href":"https:\/\/moi-dom.md\/ro\/wp-json\/wp\/v2\/types\/product"}],"version-history":[{"count":1,"href":"https:\/\/moi-dom.md\/ro\/wp-json\/wp\/v2\/product\/9323\/revisions"}],"predecessor-version":[{"id":9435,"href":"https:\/\/moi-dom.md\/ro\/wp-json\/wp\/v2\/product\/9323\/revisions\/9435"}],"wp:featuredmedia":[{"embeddable":true,"href":"https:\/\/moi-dom.md\/ro\/wp-json\/wp\/v2\/media\/9313"}],"wp:attachment":[{"href":"https:\/\/moi-dom.md\/ro\/wp-json\/wp\/v2\/media?parent=9323"}],"wp:term":[{"taxonomy":"product_brand","embeddable":true,"href":"https:\/\/moi-dom.md\/ro\/wp-json\/wp\/v2\/product_brand?post=9323"},{"taxonomy":"product_cat","embeddable":true,"href":"https:\/\/moi-dom.md\/ro\/wp-json\/wp\/v2\/product_cat?post=9323"},{"taxonomy":"product_tag","embeddable":true,"href":"https:\/\/moi-dom.md\/ro\/wp-json\/wp\/v2\/product_tag?post=9323"}],"curies":[{"name":"wp","href":"https:\/\/api.w.org\/{rel}","templated":true}]}}