{"id":9319,"date":"2026-02-11T15:37:55","date_gmt":"2026-02-11T12:37:55","guid":{"rendered":"https:\/\/moi-dom.md\/product\/fata-de-masa-ortolana\/"},"modified":"2026-02-14T16:10:30","modified_gmt":"2026-02-14T13:10:30","slug":"fata-de-masa-ortolana","status":"publish","type":"product","link":"https:\/\/moi-dom.md\/ro\/produs\/fata-de-masa-ortolana\/","title":{"rendered":"Fa\u021ba de mas\u0103 Ortolana"},"content":{"rendered":"<p class=\"p1\">Fata de mas\u0103 Ortolana este confec\u021bionat\u0103 din bumbac natural \u0219i decorat\u0103 cu un imprimeu cu legume suculente \u00een culori calde. Este potrivit\u0103 pentru pr\u00e2nzurile zilnice \u0219i cinele \u00een familie, ad\u0103ug\u00e2nd un accent luminos interiorului buc\u0103t\u0103riei sau sufrageriei. <\/p>\n","protected":false},"excerpt":{"rendered":"<p class=\"p1\">Fat\u0103 de mas\u0103 din bumbac cu imprimeu viu colorat cu legume din colec\u021bia Ortolana. Adaug\u0103 mesei vivacitate \u0219i atmosfera buc\u0103t\u0103riei mediteraneene. <\/p>\n","protected":false},"featured_media":9311,"template":"","meta":[],"product_brand":[],"product_cat":[249,750],"product_tag":[],"class_list":{"0":"post-9319","1":"product","2":"type-product","3":"status-publish","4":"has-post-thumbnail","6":"product_cat-textile-pentru-casa","7":"product_cat-textile-pentru-masa","8":"pa_brand-andrea-fontebasso","9":"pa_color-multicolor","10":"pa_material-bumbac","11":"pa_shape-dreptunghiulara","12":"pa_size-140x180-cm","13":"pa_size-140x240-cm","14":"pa_size-o170-cm","16":"first","17":"instock","18":"shipping-taxable","19":"purchasable","20":"product-type-variable"},"_links":{"self":[{"href":"https:\/\/moi-dom.md\/ro\/wp-json\/wp\/v2\/product\/9319","targetHints":{"allow":["GET"]}}],"collection":[{"href":"https:\/\/moi-dom.md\/ro\/wp-json\/wp\/v2\/product"}],"about":[{"href":"https:\/\/moi-dom.md\/ro\/wp-json\/wp\/v2\/types\/product"}],"version-history":[{"count":1,"href":"https:\/\/moi-dom.md\/ro\/wp-json\/wp\/v2\/product\/9319\/revisions"}],"predecessor-version":[{"id":9738,"href":"https:\/\/moi-dom.md\/ro\/wp-json\/wp\/v2\/product\/9319\/revisions\/9738"}],"wp:featuredmedia":[{"embeddable":true,"href":"https:\/\/moi-dom.md\/ro\/wp-json\/wp\/v2\/media\/9311"}],"wp:attachment":[{"href":"https:\/\/moi-dom.md\/ro\/wp-json\/wp\/v2\/media?parent=9319"}],"wp:term":[{"taxonomy":"product_brand","embeddable":true,"href":"https:\/\/moi-dom.md\/ro\/wp-json\/wp\/v2\/product_brand?post=9319"},{"taxonomy":"product_cat","embeddable":true,"href":"https:\/\/moi-dom.md\/ro\/wp-json\/wp\/v2\/product_cat?post=9319"},{"taxonomy":"product_tag","embeddable":true,"href":"https:\/\/moi-dom.md\/ro\/wp-json\/wp\/v2\/product_tag?post=9319"}],"curies":[{"name":"wp","href":"https:\/\/api.w.org\/{rel}","templated":true}]}}