{"id":9303,"date":"2026-02-11T14:39:19","date_gmt":"2026-02-11T11:39:19","guid":{"rendered":"https:\/\/moi-dom.md\/product\/fata-de-masa-romance\/"},"modified":"2026-02-11T14:39:19","modified_gmt":"2026-02-11T11:39:19","slug":"fata-de-masa-romance","status":"publish","type":"product","link":"https:\/\/moi-dom.md\/ro\/produs\/fata-de-masa-romance\/","title":{"rendered":"Fa\u021ba de mas\u0103 Romance"},"content":{"rendered":"<p class=\"p1\">Fata de mas\u0103 Romance este confec\u021bionat\u0103 din bumbac natural \u0219i decorat\u0103 cu un imprimeu elegant cu fluturi pe fond bej. Potrivit\u0103 pentru servirea zilnic\u0103 \u0219i pentru cinele festive. Textura moale a \u021bes\u0103turii \u0219i gama de culori calme creeaz\u0103 o atmosfer\u0103 cald\u0103 la mas\u0103.  <\/p>\n","protected":false},"excerpt":{"rendered":"<p class=\"p1\">Fat\u0103 de mas\u0103 din bumbac cu un imprimeu delicat cu fluturi din colec\u021bia Romance. O modalitate u\u0219oar\u0103 de a ad\u0103uga confort \u0219i o atmosfer\u0103 prim\u0103v\u0103ratic\u0103 mesei. <\/p>\n","protected":false},"featured_media":9288,"template":"","meta":[],"product_brand":[],"product_cat":[240,743],"product_tag":[],"class_list":{"0":"post-9303","1":"product","2":"type-product","3":"status-publish","4":"has-post-thumbnail","6":"product_cat-tekstil-dlya-doma","7":"product_cat-stolovyy-tekstil","8":"pa_brand-tognana","9":"pa_color-multicolor","10":"pa_material-597","11":"pa_shape-609","12":"pa_size-140x180-","14":"first","15":"instock","16":"shipping-taxable","17":"purchasable","18":"product-type-simple"},"_links":{"self":[{"href":"https:\/\/moi-dom.md\/ro\/wp-json\/wp\/v2\/product\/9303","targetHints":{"allow":["GET"]}}],"collection":[{"href":"https:\/\/moi-dom.md\/ro\/wp-json\/wp\/v2\/product"}],"about":[{"href":"https:\/\/moi-dom.md\/ro\/wp-json\/wp\/v2\/types\/product"}],"version-history":[{"count":0,"href":"https:\/\/moi-dom.md\/ro\/wp-json\/wp\/v2\/product\/9303\/revisions"}],"wp:featuredmedia":[{"embeddable":true,"href":"https:\/\/moi-dom.md\/ro\/wp-json\/wp\/v2\/media\/9288"}],"wp:attachment":[{"href":"https:\/\/moi-dom.md\/ro\/wp-json\/wp\/v2\/media?parent=9303"}],"wp:term":[{"taxonomy":"product_brand","embeddable":true,"href":"https:\/\/moi-dom.md\/ro\/wp-json\/wp\/v2\/product_brand?post=9303"},{"taxonomy":"product_cat","embeddable":true,"href":"https:\/\/moi-dom.md\/ro\/wp-json\/wp\/v2\/product_cat?post=9303"},{"taxonomy":"product_tag","embeddable":true,"href":"https:\/\/moi-dom.md\/ro\/wp-json\/wp\/v2\/product_tag?post=9303"}],"curies":[{"name":"wp","href":"https:\/\/api.w.org\/{rel}","templated":true}]}}