{"id":9266,"date":"2026-02-11T12:39:56","date_gmt":"2026-02-11T09:39:56","guid":{"rendered":"https:\/\/moi-dom.md\/?post_type=product&#038;p=9266"},"modified":"2026-02-11T12:42:04","modified_gmt":"2026-02-11T09:42:04","slug":"vaza-rombo-%d0%ba%d0%be%d0%bf%d0%b8%d1%80%d0%be%d0%b2%d0%b0%d1%82%d1%8c","status":"publish","type":"product","link":"https:\/\/moi-dom.md\/ro\/produs\/vaza-rombo-%d0%ba%d0%be%d0%bf%d0%b8%d1%80%d0%be%d0%b2%d0%b0%d1%82%d1%8c\/","title":{"rendered":"Vaza Rombo"},"content":{"rendered":"<p class=\"p1\">Vaza geometric\u0103 Rombo, cu forma romboidal\u0103 fa\u021betat\u0103, creeaz\u0103 un efect de joc al luminii \u0219i reflexiilor. Suprafa\u021ba metalizat\u0103 confer\u0103 interiorului un caracter modern \u0219i u\u0219or artistic. Se potrive\u0219te ca element decorativ independent sau pentru compozi\u021bii uscate.  <\/p>\n","protected":false},"excerpt":{"rendered":"<p class=\"p1\">Vaz\u0103 decorativ\u0103 cu o form\u0103 romboidal\u0103 expresiv\u0103 \u0219i textur\u0103 oglind\u0103. Un accent modern pentru un interior \u00een stil modern sau minimalist. <\/p>\n","protected":false},"featured_media":9344,"template":"","meta":[],"product_brand":[],"product_cat":[247,676],"product_tag":[],"class_list":{"0":"post-9266","1":"product","2":"type-product","3":"status-publish","4":"has-post-thumbnail","6":"product_cat-decor-pentru-casa","7":"product_cat-vaze","8":"pa_brand-edg-enzo-de-gasperi","9":"pa_color-silver","10":"pa_material-sticla","11":"pa_shape-reliefata","12":"pa_size-o26x45-cm","14":"first","15":"instock","16":"shipping-taxable","17":"purchasable","18":"product-type-simple"},"_links":{"self":[{"href":"https:\/\/moi-dom.md\/ro\/wp-json\/wp\/v2\/product\/9266","targetHints":{"allow":["GET"]}}],"collection":[{"href":"https:\/\/moi-dom.md\/ro\/wp-json\/wp\/v2\/product"}],"about":[{"href":"https:\/\/moi-dom.md\/ro\/wp-json\/wp\/v2\/types\/product"}],"version-history":[{"count":2,"href":"https:\/\/moi-dom.md\/ro\/wp-json\/wp\/v2\/product\/9266\/revisions"}],"predecessor-version":[{"id":9269,"href":"https:\/\/moi-dom.md\/ro\/wp-json\/wp\/v2\/product\/9266\/revisions\/9269"}],"wp:featuredmedia":[{"embeddable":true,"href":"https:\/\/moi-dom.md\/ro\/wp-json\/wp\/v2\/media\/9344"}],"wp:attachment":[{"href":"https:\/\/moi-dom.md\/ro\/wp-json\/wp\/v2\/media?parent=9266"}],"wp:term":[{"taxonomy":"product_brand","embeddable":true,"href":"https:\/\/moi-dom.md\/ro\/wp-json\/wp\/v2\/product_brand?post=9266"},{"taxonomy":"product_cat","embeddable":true,"href":"https:\/\/moi-dom.md\/ro\/wp-json\/wp\/v2\/product_cat?post=9266"},{"taxonomy":"product_tag","embeddable":true,"href":"https:\/\/moi-dom.md\/ro\/wp-json\/wp\/v2\/product_tag?post=9266"}],"curies":[{"name":"wp","href":"https:\/\/api.w.org\/{rel}","templated":true}]}}