{"id":9248,"date":"2026-02-11T12:17:43","date_gmt":"2026-02-11T09:17:43","guid":{"rendered":"https:\/\/moi-dom.md\/product\/vaza-cu-maner-via-condotti\/"},"modified":"2026-02-11T12:17:43","modified_gmt":"2026-02-11T09:17:43","slug":"vaza-cu-maner-via-condotti","status":"publish","type":"product","link":"https:\/\/moi-dom.md\/ro\/produs\/vaza-cu-maner-via-condotti\/","title":{"rendered":"Vaza cu m\u00e2ner Via Condotti"},"content":{"rendered":"<p class=\"p1\">Vaz\u0103 elegant\u0103 din sticl\u0103, cu m\u00e2ner \u00eenalt \u0219i curbat \u0219i siluet\u0103 ondulat\u0103. Sticla semitransparent\u0103, fumurie, cu textur\u0103 u\u0219oar\u0103, creeaz\u0103 un efect de profunzime \u0219i joac\u0103 frumos cu lumina. Potrivit\u0103 pentru flori vii, compozi\u021bii uscate sau ca element decorativ independent.  <\/p>\n","protected":false},"excerpt":{"rendered":"<p class=\"p1\">Vaz\u0103 de sticl\u0103 cu m\u00e2ner expresiv \u0219i margine ondulat\u0103. Nuan\u021ba u\u0219or fumurie adaug\u0103 interiorului profunzime \u0219i aerisire. <\/p>\n","protected":false},"featured_media":9245,"template":"","meta":[],"product_brand":[],"product_cat":[247,676],"product_tag":[],"class_list":{"0":"post-9248","1":"product","2":"type-product","3":"status-publish","4":"has-post-thumbnail","6":"product_cat-decor-pentru-casa","7":"product_cat-vaze","8":"pa_brand-andrea-fontebasso","9":"pa_color-grey","10":"pa_material-sticla","11":"pa_shape-figurata","12":"pa_size-26x215x29-cm","14":"first","15":"instock","16":"shipping-taxable","17":"purchasable","18":"product-type-simple"},"_links":{"self":[{"href":"https:\/\/moi-dom.md\/ro\/wp-json\/wp\/v2\/product\/9248","targetHints":{"allow":["GET"]}}],"collection":[{"href":"https:\/\/moi-dom.md\/ro\/wp-json\/wp\/v2\/product"}],"about":[{"href":"https:\/\/moi-dom.md\/ro\/wp-json\/wp\/v2\/types\/product"}],"version-history":[{"count":0,"href":"https:\/\/moi-dom.md\/ro\/wp-json\/wp\/v2\/product\/9248\/revisions"}],"wp:featuredmedia":[{"embeddable":true,"href":"https:\/\/moi-dom.md\/ro\/wp-json\/wp\/v2\/media\/9245"}],"wp:attachment":[{"href":"https:\/\/moi-dom.md\/ro\/wp-json\/wp\/v2\/media?parent=9248"}],"wp:term":[{"taxonomy":"product_brand","embeddable":true,"href":"https:\/\/moi-dom.md\/ro\/wp-json\/wp\/v2\/product_brand?post=9248"},{"taxonomy":"product_cat","embeddable":true,"href":"https:\/\/moi-dom.md\/ro\/wp-json\/wp\/v2\/product_cat?post=9248"},{"taxonomy":"product_tag","embeddable":true,"href":"https:\/\/moi-dom.md\/ro\/wp-json\/wp\/v2\/product_tag?post=9248"}],"curies":[{"name":"wp","href":"https:\/\/api.w.org\/{rel}","templated":true}]}}