{"id":9239,"date":"2026-02-11T12:06:28","date_gmt":"2026-02-11T09:06:28","guid":{"rendered":"https:\/\/moi-dom.md\/?post_type=product&#038;p=9239"},"modified":"2026-02-11T12:11:00","modified_gmt":"2026-02-11T09:11:00","slug":"vaza-geometrie-%d0%ba%d0%be%d0%bf%d0%b8%d1%80%d0%be%d0%b2%d0%b0%d1%82%d1%8c","status":"publish","type":"product","link":"https:\/\/moi-dom.md\/ro\/produs\/vaza-geometrie-%d0%ba%d0%be%d0%bf%d0%b8%d1%80%d0%be%d0%b2%d0%b0%d1%82%d1%8c\/","title":{"rendered":"Vaza Geometrie"},"content":{"rendered":"<p class=\"p1\">Vaza Geometrie \u2014 un accent ceramic cu o geometrie expresiv\u0103 \u0219i detalii decorative, care atrage imediat aten\u021bia asupra spa\u021biului. Datorit\u0103 \u00een\u0103l\u021bimii sale, se potrive\u0219te perfect pe raft, consol\u0103 sau mas\u0103 \u0219i arat\u0103 frumos chiar \u0219i f\u0103r\u0103 flori. Utiliza\u021bi-o pentru flori uscate sau ca element decorativ independent.  <\/p>\n","protected":false},"excerpt":{"rendered":"<p class=\"p1\">Vaz\u0103 decorativ\u0103 din ceramic\u0103 cu siluet\u0103 geometric\u0103 \u0219i accente bord\u00f3-l\u0103ptos. Un accent expresiv pentru un interior modern. <\/p>\n","protected":false},"featured_media":9237,"template":"","meta":[],"product_brand":[],"product_cat":[247,676],"product_tag":[],"class_list":{"0":"post-9239","1":"product","2":"type-product","3":"status-publish","4":"has-post-thumbnail","6":"product_cat-decor-pentru-casa","7":"product_cat-vaze","8":"pa_brand-edg-enzo-de-gasperi","9":"pa_color-multicolor","10":"pa_material-ceramica","11":"pa_shape-figurata","12":"pa_size-o17x29-cm","14":"first","15":"instock","16":"shipping-taxable","17":"purchasable","18":"product-type-simple"},"_links":{"self":[{"href":"https:\/\/moi-dom.md\/ro\/wp-json\/wp\/v2\/product\/9239","targetHints":{"allow":["GET"]}}],"collection":[{"href":"https:\/\/moi-dom.md\/ro\/wp-json\/wp\/v2\/product"}],"about":[{"href":"https:\/\/moi-dom.md\/ro\/wp-json\/wp\/v2\/types\/product"}],"version-history":[{"count":2,"href":"https:\/\/moi-dom.md\/ro\/wp-json\/wp\/v2\/product\/9239\/revisions"}],"predecessor-version":[{"id":9242,"href":"https:\/\/moi-dom.md\/ro\/wp-json\/wp\/v2\/product\/9239\/revisions\/9242"}],"wp:featuredmedia":[{"embeddable":true,"href":"https:\/\/moi-dom.md\/ro\/wp-json\/wp\/v2\/media\/9237"}],"wp:attachment":[{"href":"https:\/\/moi-dom.md\/ro\/wp-json\/wp\/v2\/media?parent=9239"}],"wp:term":[{"taxonomy":"product_brand","embeddable":true,"href":"https:\/\/moi-dom.md\/ro\/wp-json\/wp\/v2\/product_brand?post=9239"},{"taxonomy":"product_cat","embeddable":true,"href":"https:\/\/moi-dom.md\/ro\/wp-json\/wp\/v2\/product_cat?post=9239"},{"taxonomy":"product_tag","embeddable":true,"href":"https:\/\/moi-dom.md\/ro\/wp-json\/wp\/v2\/product_tag?post=9239"}],"curies":[{"name":"wp","href":"https:\/\/api.w.org\/{rel}","templated":true}]}}