{"id":9226,"date":"2026-02-11T11:32:18","date_gmt":"2026-02-11T08:32:18","guid":{"rendered":"https:\/\/moi-dom.md\/?post_type=product&#038;p=9226"},"modified":"2026-02-11T11:35:38","modified_gmt":"2026-02-11T08:35:38","slug":"vaza-chakra-foglia-%d0%ba%d0%be%d0%bf%d0%b8%d1%80%d0%be%d0%b2%d0%b0%d1%82%d1%8c","status":"publish","type":"product","link":"https:\/\/moi-dom.md\/ro\/produs\/vaza-chakra-foglia-%d0%ba%d0%be%d0%bf%d0%b8%d1%80%d0%be%d0%b2%d0%b0%d1%82%d1%8c\/","title":{"rendered":"Vaza Chakra Foglia"},"content":{"rendered":"<p class=\"p1\">Vaza ceramic\u0103 Chakra Foglia are forma unei frunze stilizate, cu textur\u0103 \u00een relief \u0219i glazur\u0103 verde intens\u0103. Compact\u0103 \u0219i expresiv\u0103, arat\u0103 frumos ca element decorativ independent sau \u00een compozi\u021bii cu flori uscate. Se potrive\u0219te pentru interioare moderne \u0219i eclectice.  <\/p>\n","protected":false},"excerpt":{"rendered":"<p class=\"p1\">Vaz\u0103 decorativ\u0103 din ceramic\u0103 \u00een form\u0103 de frunz\u0103, cu textur\u0103 expresiv\u0103. Potrivit\u0103 pentru aranjamente florale uscate \u0219i ca element decorativ independent \u00een interior. <\/p>\n","protected":false},"featured_media":9113,"template":"","meta":[],"product_brand":[],"product_cat":[247,676],"product_tag":[],"class_list":{"0":"post-9226","1":"product","2":"type-product","3":"status-publish","4":"has-post-thumbnail","6":"product_cat-decor-pentru-casa","7":"product_cat-vaze","8":"pa_brand-edg-enzo-de-gasperi","9":"pa_color-olive-green","10":"pa_material-ceramica","11":"pa_shape-asimetrica","12":"pa_size-15x27x35-cm","14":"first","15":"instock","16":"shipping-taxable","17":"purchasable","18":"product-type-simple"},"_links":{"self":[{"href":"https:\/\/moi-dom.md\/ro\/wp-json\/wp\/v2\/product\/9226","targetHints":{"allow":["GET"]}}],"collection":[{"href":"https:\/\/moi-dom.md\/ro\/wp-json\/wp\/v2\/product"}],"about":[{"href":"https:\/\/moi-dom.md\/ro\/wp-json\/wp\/v2\/types\/product"}],"version-history":[{"count":2,"href":"https:\/\/moi-dom.md\/ro\/wp-json\/wp\/v2\/product\/9226\/revisions"}],"predecessor-version":[{"id":9229,"href":"https:\/\/moi-dom.md\/ro\/wp-json\/wp\/v2\/product\/9226\/revisions\/9229"}],"wp:featuredmedia":[{"embeddable":true,"href":"https:\/\/moi-dom.md\/ro\/wp-json\/wp\/v2\/media\/9113"}],"wp:attachment":[{"href":"https:\/\/moi-dom.md\/ro\/wp-json\/wp\/v2\/media?parent=9226"}],"wp:term":[{"taxonomy":"product_brand","embeddable":true,"href":"https:\/\/moi-dom.md\/ro\/wp-json\/wp\/v2\/product_brand?post=9226"},{"taxonomy":"product_cat","embeddable":true,"href":"https:\/\/moi-dom.md\/ro\/wp-json\/wp\/v2\/product_cat?post=9226"},{"taxonomy":"product_tag","embeddable":true,"href":"https:\/\/moi-dom.md\/ro\/wp-json\/wp\/v2\/product_tag?post=9226"}],"curies":[{"name":"wp","href":"https:\/\/api.w.org\/{rel}","templated":true}]}}