{"id":9224,"date":"2026-02-11T11:26:43","date_gmt":"2026-02-11T08:26:43","guid":{"rendered":"https:\/\/moi-dom.md\/product\/vaza-chakra-foglia\/"},"modified":"2026-02-11T11:26:43","modified_gmt":"2026-02-11T08:26:43","slug":"vaza-chakra-foglia","status":"publish","type":"product","link":"https:\/\/moi-dom.md\/ro\/produs\/vaza-chakra-foglia\/","title":{"rendered":"Vaza Chakra Foglia"},"content":{"rendered":"<p class=\"p1\">Vaza Chakra Foglia este realizat\u0103 din ceramic\u0103 \u0219i decorat\u0103 cu un relief expresiv, care aminte\u0219te de o frunz\u0103 mare. Datorit\u0103 \u00een\u0103l\u021bimii sale, ea \u201eadun\u0103\u201d imediat spa\u021biul \u0219i func\u021bioneaz\u0103 ca obiect decorativ \u2014 \u00een special \u00een sufragerie, hol sau pe consol\u0103. Este potrivit\u0103 pentru ramuri \u00eenalte, flori uscate sau ca accent independent, f\u0103r\u0103 umplutur\u0103.  <\/p>\n","protected":false},"excerpt":{"rendered":"<p class=\"p1\">Vaz\u0103 \u00eenalt\u0103 din ceramic\u0103 cu relief \u00een form\u0103 de frunz\u0103. Un accent spectaculos pentru interior \u2014 arat\u0103 frumos at\u00e2t cu flori, c\u00e2t \u0219i singur\u0103. <\/p>\n","protected":false},"featured_media":9223,"template":"","meta":[],"product_brand":[],"product_cat":[247,676],"product_tag":[],"class_list":{"0":"post-9224","1":"product","2":"type-product","3":"status-publish","4":"has-post-thumbnail","6":"product_cat-decor-pentru-casa","7":"product_cat-vaze","8":"pa_brand-edg-enzo-de-gasperi","9":"pa_color-olive-green","10":"pa_material-ceramica","11":"pa_shape-asimetrica","12":"pa_size-14x27x55-cm","14":"first","15":"instock","16":"shipping-taxable","17":"purchasable","18":"product-type-simple"},"_links":{"self":[{"href":"https:\/\/moi-dom.md\/ro\/wp-json\/wp\/v2\/product\/9224","targetHints":{"allow":["GET"]}}],"collection":[{"href":"https:\/\/moi-dom.md\/ro\/wp-json\/wp\/v2\/product"}],"about":[{"href":"https:\/\/moi-dom.md\/ro\/wp-json\/wp\/v2\/types\/product"}],"version-history":[{"count":0,"href":"https:\/\/moi-dom.md\/ro\/wp-json\/wp\/v2\/product\/9224\/revisions"}],"wp:featuredmedia":[{"embeddable":true,"href":"https:\/\/moi-dom.md\/ro\/wp-json\/wp\/v2\/media\/9223"}],"wp:attachment":[{"href":"https:\/\/moi-dom.md\/ro\/wp-json\/wp\/v2\/media?parent=9224"}],"wp:term":[{"taxonomy":"product_brand","embeddable":true,"href":"https:\/\/moi-dom.md\/ro\/wp-json\/wp\/v2\/product_brand?post=9224"},{"taxonomy":"product_cat","embeddable":true,"href":"https:\/\/moi-dom.md\/ro\/wp-json\/wp\/v2\/product_cat?post=9224"},{"taxonomy":"product_tag","embeddable":true,"href":"https:\/\/moi-dom.md\/ro\/wp-json\/wp\/v2\/product_tag?post=9224"}],"curies":[{"name":"wp","href":"https:\/\/api.w.org\/{rel}","templated":true}]}}