{"id":9215,"date":"2026-02-11T11:10:42","date_gmt":"2026-02-11T08:10:42","guid":{"rendered":"https:\/\/moi-dom.md\/?post_type=product&#038;p=9215"},"modified":"2026-02-11T11:20:09","modified_gmt":"2026-02-11T08:20:09","slug":"vaza-freaky-liberty-%d0%ba%d0%be%d0%bf%d0%b8%d1%80%d0%be%d0%b2%d0%b0%d1%82%d1%8c","status":"publish","type":"product","link":"https:\/\/moi-dom.md\/ro\/produs\/vaza-freaky-liberty-%d0%ba%d0%be%d0%bf%d0%b8%d1%80%d0%be%d0%b2%d0%b0%d1%82%d1%8c\/","title":{"rendered":"Vaza Freaky Liberty"},"content":{"rendered":"<p class=\"p1\">Vaza ceramic\u0103 Freaky Liberty este realizat\u0103 \u00eentr-o nuan\u021b\u0103 intens\u0103 de verde, cu un ornament reliefat expresiv. Forma larg\u0103 \u0219i \u00een\u0103l\u021bimea redus\u0103 o fac ideal\u0103 pentru buchete compacte, flori uscate sau compozi\u021bii decorative. Adaug\u0103 cu delicate\u021be textur\u0103 \u0219i profunzime interiorului, f\u0103r\u0103 a-l supra\u00eenc\u0103rca.  <\/p>\n","protected":false},"excerpt":{"rendered":"<p class=\"p1\">Vaz\u0103 ceramic\u0103 joas\u0103, de culoare verde, cu decor \u00een relief. Potrivit\u0103 pentru buchete mici, aranjamente florale sau ca element decorativ independent \u00een interior. <\/p>\n","protected":false},"featured_media":9115,"template":"","meta":[],"product_brand":[],"product_cat":[247,676],"product_tag":[],"class_list":{"0":"post-9215","1":"product","2":"type-product","3":"status-publish","4":"has-post-thumbnail","6":"product_cat-decor-pentru-casa","7":"product_cat-vaze","8":"pa_brand-edg-enzo-de-gasperi","9":"pa_color-olive-green","10":"pa_material-ceramica","11":"pa_shape-rotunda","12":"pa_size-o28x12-cm","14":"first","15":"instock","16":"shipping-taxable","17":"purchasable","18":"product-type-simple"},"_links":{"self":[{"href":"https:\/\/moi-dom.md\/ro\/wp-json\/wp\/v2\/product\/9215","targetHints":{"allow":["GET"]}}],"collection":[{"href":"https:\/\/moi-dom.md\/ro\/wp-json\/wp\/v2\/product"}],"about":[{"href":"https:\/\/moi-dom.md\/ro\/wp-json\/wp\/v2\/types\/product"}],"version-history":[{"count":2,"href":"https:\/\/moi-dom.md\/ro\/wp-json\/wp\/v2\/product\/9215\/revisions"}],"predecessor-version":[{"id":9218,"href":"https:\/\/moi-dom.md\/ro\/wp-json\/wp\/v2\/product\/9215\/revisions\/9218"}],"wp:featuredmedia":[{"embeddable":true,"href":"https:\/\/moi-dom.md\/ro\/wp-json\/wp\/v2\/media\/9115"}],"wp:attachment":[{"href":"https:\/\/moi-dom.md\/ro\/wp-json\/wp\/v2\/media?parent=9215"}],"wp:term":[{"taxonomy":"product_brand","embeddable":true,"href":"https:\/\/moi-dom.md\/ro\/wp-json\/wp\/v2\/product_brand?post=9215"},{"taxonomy":"product_cat","embeddable":true,"href":"https:\/\/moi-dom.md\/ro\/wp-json\/wp\/v2\/product_cat?post=9215"},{"taxonomy":"product_tag","embeddable":true,"href":"https:\/\/moi-dom.md\/ro\/wp-json\/wp\/v2\/product_tag?post=9215"}],"curies":[{"name":"wp","href":"https:\/\/api.w.org\/{rel}","templated":true}]}}