{"id":9213,"date":"2026-02-11T11:08:16","date_gmt":"2026-02-11T08:08:16","guid":{"rendered":"https:\/\/moi-dom.md\/product\/vaza-freaky-liberty-2\/"},"modified":"2026-02-11T11:08:16","modified_gmt":"2026-02-11T08:08:16","slug":"vaza-freaky-liberty-2","status":"publish","type":"product","link":"https:\/\/moi-dom.md\/ro\/produs\/vaza-freaky-liberty-2\/","title":{"rendered":"Vaza Freaky Liberty"},"content":{"rendered":"<p class=\"p1\">Vaza ceramic\u0103 Freaky Liberty este realizat\u0103 \u00eentr-o nuan\u021b\u0103 intens\u0103 de verde, cu un ornament reliefat expresiv. Dimensiunea compact\u0103 o face ideal\u0103 pentru m\u0103su\u021ba de cafea, consol\u0103 sau raft. Potrivit\u0103 pentru flori naturale, flori uscate \u0219i compozi\u021bii decorative.  <\/p>\n","protected":false},"excerpt":{"rendered":"<p class=\"p1\">Vaz\u0103 compact\u0103 din ceramic\u0103, de culoare verde, cu decor \u00een relief. Potrivit\u0103 pentru buchete mici \u0219i ca element decorativ de sine st\u0103t\u0103tor. <\/p>\n","protected":false},"featured_media":9210,"template":"","meta":[],"product_brand":[],"product_cat":[247,676],"product_tag":[],"class_list":{"0":"post-9213","1":"product","2":"type-product","3":"status-publish","4":"has-post-thumbnail","6":"product_cat-decor-pentru-casa","7":"product_cat-vaze","8":"pa_brand-edg-enzo-de-gasperi","9":"pa_color-olive-green","10":"pa_material-ceramica","11":"pa_shape-rotunda","12":"pa_size-o155x11-cm","14":"first","15":"instock","16":"shipping-taxable","17":"purchasable","18":"product-type-simple"},"_links":{"self":[{"href":"https:\/\/moi-dom.md\/ro\/wp-json\/wp\/v2\/product\/9213","targetHints":{"allow":["GET"]}}],"collection":[{"href":"https:\/\/moi-dom.md\/ro\/wp-json\/wp\/v2\/product"}],"about":[{"href":"https:\/\/moi-dom.md\/ro\/wp-json\/wp\/v2\/types\/product"}],"version-history":[{"count":0,"href":"https:\/\/moi-dom.md\/ro\/wp-json\/wp\/v2\/product\/9213\/revisions"}],"wp:featuredmedia":[{"embeddable":true,"href":"https:\/\/moi-dom.md\/ro\/wp-json\/wp\/v2\/media\/9210"}],"wp:attachment":[{"href":"https:\/\/moi-dom.md\/ro\/wp-json\/wp\/v2\/media?parent=9213"}],"wp:term":[{"taxonomy":"product_brand","embeddable":true,"href":"https:\/\/moi-dom.md\/ro\/wp-json\/wp\/v2\/product_brand?post=9213"},{"taxonomy":"product_cat","embeddable":true,"href":"https:\/\/moi-dom.md\/ro\/wp-json\/wp\/v2\/product_cat?post=9213"},{"taxonomy":"product_tag","embeddable":true,"href":"https:\/\/moi-dom.md\/ro\/wp-json\/wp\/v2\/product_tag?post=9213"}],"curies":[{"name":"wp","href":"https:\/\/api.w.org\/{rel}","templated":true}]}}