{"id":9207,"date":"2026-02-10T16:52:47","date_gmt":"2026-02-10T13:52:47","guid":{"rendered":"https:\/\/moi-dom.md\/product\/vaza-freaky-liberty\/"},"modified":"2026-02-10T16:52:47","modified_gmt":"2026-02-10T13:52:47","slug":"vaza-freaky-liberty","status":"publish","type":"product","link":"https:\/\/moi-dom.md\/ro\/produs\/vaza-freaky-liberty\/","title":{"rendered":"Vaza Freaky Liberty"},"content":{"rendered":"<p class=\"p1\">Vaza ceramic\u0103 \u00een form\u0103 de amfor\u0103, cu un siluet expresiv, va deveni un accent \u00een interiorul sufrageriei, al s\u0103lii de mese sau al dormitorului. Este potrivit\u0103 pentru aranjamente florale \u0219i ca element decorativ independent. Se integreaz\u0103 armonios \u00een interioarele clasice \u0219i moderne.  <\/p>\n","protected":false},"excerpt":{"rendered":"<p class=\"p1\">Vaz\u0103 decorativ\u0103 din ceramic\u0103 \u00een form\u0103 de amfor\u0103. Potrivit\u0103 pentru flori \u0219i ca element decorativ independent. <\/p>\n","protected":false},"featured_media":9093,"template":"","meta":[],"product_brand":[],"product_cat":[237,675],"product_tag":[],"class_list":{"0":"post-9207","1":"product","2":"type-product","3":"status-publish","4":"has-post-thumbnail","6":"product_cat-dekor-dlya-doma","7":"product_cat-vazy","8":"pa_brand-edg-enzo-de-gasperi","9":"pa_color-olive-green","10":"pa_material-594","11":"pa_shape-708","12":"pa_size-o17x35--2","14":"first","15":"instock","16":"shipping-taxable","17":"purchasable","18":"product-type-simple"},"_links":{"self":[{"href":"https:\/\/moi-dom.md\/ro\/wp-json\/wp\/v2\/product\/9207","targetHints":{"allow":["GET"]}}],"collection":[{"href":"https:\/\/moi-dom.md\/ro\/wp-json\/wp\/v2\/product"}],"about":[{"href":"https:\/\/moi-dom.md\/ro\/wp-json\/wp\/v2\/types\/product"}],"version-history":[{"count":0,"href":"https:\/\/moi-dom.md\/ro\/wp-json\/wp\/v2\/product\/9207\/revisions"}],"wp:featuredmedia":[{"embeddable":true,"href":"https:\/\/moi-dom.md\/ro\/wp-json\/wp\/v2\/media\/9093"}],"wp:attachment":[{"href":"https:\/\/moi-dom.md\/ro\/wp-json\/wp\/v2\/media?parent=9207"}],"wp:term":[{"taxonomy":"product_brand","embeddable":true,"href":"https:\/\/moi-dom.md\/ro\/wp-json\/wp\/v2\/product_brand?post=9207"},{"taxonomy":"product_cat","embeddable":true,"href":"https:\/\/moi-dom.md\/ro\/wp-json\/wp\/v2\/product_cat?post=9207"},{"taxonomy":"product_tag","embeddable":true,"href":"https:\/\/moi-dom.md\/ro\/wp-json\/wp\/v2\/product_tag?post=9207"}],"curies":[{"name":"wp","href":"https:\/\/api.w.org\/{rel}","templated":true}]}}