{"id":9187,"date":"2026-02-10T15:54:36","date_gmt":"2026-02-10T12:54:36","guid":{"rendered":"https:\/\/moi-dom.md\/product\/vaza-isen\/"},"modified":"2026-02-10T15:54:36","modified_gmt":"2026-02-10T12:54:36","slug":"vaza-isen","status":"publish","type":"product","link":"https:\/\/moi-dom.md\/ro\/produs\/vaza-isen\/","title":{"rendered":"Vaza Isen"},"content":{"rendered":"<p>Vaza ceramic\u0103 Isen cu un relief vertical expresiv. Un obiect decorativ laconic, dar accentuat, care arat\u0103 bine at\u00e2t cu flori, c\u00e2t \u0219i singur. Potrivit pentru interioare moderne \u0219i eclectice.  <\/p>\n","protected":false},"excerpt":{"rendered":"<p>Vaz\u0103 decorativ\u0103 din ceramic\u0103 cu form\u0103 \u00een relief.<\/p>\n","protected":false},"featured_media":9088,"template":"","meta":[],"product_brand":[],"product_cat":[237,675],"product_tag":[],"class_list":{"0":"post-9187","1":"product","2":"type-product","3":"status-publish","4":"has-post-thumbnail","6":"product_cat-dekor-dlya-doma","7":"product_cat-vazy","8":"pa_brand-edg-enzo-de-gasperi","9":"pa_color-blue","10":"pa_material-596","11":"pa_shape-704","12":"pa_size-o20x31-","14":"first","15":"instock","16":"shipping-taxable","17":"purchasable","18":"product-type-simple"},"_links":{"self":[{"href":"https:\/\/moi-dom.md\/ro\/wp-json\/wp\/v2\/product\/9187","targetHints":{"allow":["GET"]}}],"collection":[{"href":"https:\/\/moi-dom.md\/ro\/wp-json\/wp\/v2\/product"}],"about":[{"href":"https:\/\/moi-dom.md\/ro\/wp-json\/wp\/v2\/types\/product"}],"version-history":[{"count":0,"href":"https:\/\/moi-dom.md\/ro\/wp-json\/wp\/v2\/product\/9187\/revisions"}],"wp:featuredmedia":[{"embeddable":true,"href":"https:\/\/moi-dom.md\/ro\/wp-json\/wp\/v2\/media\/9088"}],"wp:attachment":[{"href":"https:\/\/moi-dom.md\/ro\/wp-json\/wp\/v2\/media?parent=9187"}],"wp:term":[{"taxonomy":"product_brand","embeddable":true,"href":"https:\/\/moi-dom.md\/ro\/wp-json\/wp\/v2\/product_brand?post=9187"},{"taxonomy":"product_cat","embeddable":true,"href":"https:\/\/moi-dom.md\/ro\/wp-json\/wp\/v2\/product_cat?post=9187"},{"taxonomy":"product_tag","embeddable":true,"href":"https:\/\/moi-dom.md\/ro\/wp-json\/wp\/v2\/product_tag?post=9187"}],"curies":[{"name":"wp","href":"https:\/\/api.w.org\/{rel}","templated":true}]}}