{"id":9183,"date":"2026-02-10T15:44:36","date_gmt":"2026-02-10T12:44:36","guid":{"rendered":"https:\/\/moi-dom.md\/product\/vaza-egypt-cleopatra\/"},"modified":"2026-02-10T15:44:36","modified_gmt":"2026-02-10T12:44:36","slug":"vaza-egypt-cleopatra","status":"publish","type":"product","link":"https:\/\/moi-dom.md\/ro\/produs\/vaza-egypt-cleopatra\/","title":{"rendered":"Vaza Egypt Cleopatra"},"content":{"rendered":"<p>Vaza ceramic\u0103 Egypt Cleopatra cu un design sculptural accentuat. Un obiect de interior spectaculos, care poate fi folosit at\u00e2t cu flori, c\u00e2t \u0219i ca element decorativ independent. <\/p>\n","protected":false},"excerpt":{"rendered":"<p>Vaz\u0103 decorativ\u0103 din ceramic\u0103 cu un siluet sculptural expresiv.<\/p>\n","protected":false},"featured_media":9179,"template":"","meta":[],"product_brand":[],"product_cat":[237,675],"product_tag":[],"class_list":{"0":"post-9183","1":"product","2":"type-product","3":"status-publish","4":"has-post-thumbnail","6":"product_cat-dekor-dlya-doma","7":"product_cat-vazy","8":"pa_brand-edg-enzo-de-gasperi","9":"pa_color-gold","10":"pa_color-black","11":"pa_material-594","12":"pa_shape-684","13":"pa_size-o25x34-","15":"first","16":"instock","17":"shipping-taxable","18":"purchasable","19":"product-type-simple"},"_links":{"self":[{"href":"https:\/\/moi-dom.md\/ro\/wp-json\/wp\/v2\/product\/9183","targetHints":{"allow":["GET"]}}],"collection":[{"href":"https:\/\/moi-dom.md\/ro\/wp-json\/wp\/v2\/product"}],"about":[{"href":"https:\/\/moi-dom.md\/ro\/wp-json\/wp\/v2\/types\/product"}],"version-history":[{"count":0,"href":"https:\/\/moi-dom.md\/ro\/wp-json\/wp\/v2\/product\/9183\/revisions"}],"wp:featuredmedia":[{"embeddable":true,"href":"https:\/\/moi-dom.md\/ro\/wp-json\/wp\/v2\/media\/9179"}],"wp:attachment":[{"href":"https:\/\/moi-dom.md\/ro\/wp-json\/wp\/v2\/media?parent=9183"}],"wp:term":[{"taxonomy":"product_brand","embeddable":true,"href":"https:\/\/moi-dom.md\/ro\/wp-json\/wp\/v2\/product_brand?post=9183"},{"taxonomy":"product_cat","embeddable":true,"href":"https:\/\/moi-dom.md\/ro\/wp-json\/wp\/v2\/product_cat?post=9183"},{"taxonomy":"product_tag","embeddable":true,"href":"https:\/\/moi-dom.md\/ro\/wp-json\/wp\/v2\/product_tag?post=9183"}],"curies":[{"name":"wp","href":"https:\/\/api.w.org\/{rel}","templated":true}]}}