{"id":9174,"date":"2026-02-10T15:35:51","date_gmt":"2026-02-10T12:35:51","guid":{"rendered":"https:\/\/moi-dom.md\/?post_type=product&#038;p=9174"},"modified":"2026-02-10T15:45:39","modified_gmt":"2026-02-10T12:45:39","slug":"vaza-snake-poly-%d0%ba%d0%be%d0%bf%d0%b8%d1%80%d0%be%d0%b2%d0%b0%d1%82%d1%8c","status":"publish","type":"product","link":"https:\/\/moi-dom.md\/ro\/produs\/vaza-snake-poly-%d0%ba%d0%be%d0%bf%d0%b8%d1%80%d0%be%d0%b2%d0%b0%d1%82%d1%8c\/","title":{"rendered":"Vaza Snake Poly"},"content":{"rendered":"<p>Vaza ceramic\u0103 Snake Poly cu relief expresiv \u0219i element decorativ \u00een form\u0103 de \u0219arpe. Un accent spectaculos pentru un interior modern, care arat\u0103 la fel de bine at\u00e2t cu flori, c\u00e2t \u0219i ca obiect decorativ independent. <\/p>\n","protected":false},"excerpt":{"rendered":"<p>Vaz\u0103 decorativ\u0103 din ceramic\u0103 cu model \u00een relief \u0219i detaliu accentuat.<\/p>\n","protected":false},"featured_media":9171,"template":"","meta":[],"product_brand":[],"product_cat":[247,676],"product_tag":[],"class_list":{"0":"post-9174","1":"product","2":"type-product","3":"status-publish","4":"has-post-thumbnail","6":"product_cat-decor-pentru-casa","7":"product_cat-vaze","8":"pa_brand-edg-enzo-de-gasperi","9":"pa_color-gold","10":"pa_color-black","11":"pa_material-ceramica","12":"pa_shape-cilindrica","13":"pa_size-16x17x16-cm","15":"first","16":"instock","17":"shipping-taxable","18":"purchasable","19":"product-type-simple"},"_links":{"self":[{"href":"https:\/\/moi-dom.md\/ro\/wp-json\/wp\/v2\/product\/9174","targetHints":{"allow":["GET"]}}],"collection":[{"href":"https:\/\/moi-dom.md\/ro\/wp-json\/wp\/v2\/product"}],"about":[{"href":"https:\/\/moi-dom.md\/ro\/wp-json\/wp\/v2\/types\/product"}],"version-history":[{"count":2,"href":"https:\/\/moi-dom.md\/ro\/wp-json\/wp\/v2\/product\/9174\/revisions"}],"predecessor-version":[{"id":9181,"href":"https:\/\/moi-dom.md\/ro\/wp-json\/wp\/v2\/product\/9174\/revisions\/9181"}],"wp:featuredmedia":[{"embeddable":true,"href":"https:\/\/moi-dom.md\/ro\/wp-json\/wp\/v2\/media\/9171"}],"wp:attachment":[{"href":"https:\/\/moi-dom.md\/ro\/wp-json\/wp\/v2\/media?parent=9174"}],"wp:term":[{"taxonomy":"product_brand","embeddable":true,"href":"https:\/\/moi-dom.md\/ro\/wp-json\/wp\/v2\/product_brand?post=9174"},{"taxonomy":"product_cat","embeddable":true,"href":"https:\/\/moi-dom.md\/ro\/wp-json\/wp\/v2\/product_cat?post=9174"},{"taxonomy":"product_tag","embeddable":true,"href":"https:\/\/moi-dom.md\/ro\/wp-json\/wp\/v2\/product_tag?post=9174"}],"curies":[{"name":"wp","href":"https:\/\/api.w.org\/{rel}","templated":true}]}}