{"id":9162,"date":"2026-02-10T14:30:11","date_gmt":"2026-02-10T11:30:11","guid":{"rendered":"https:\/\/moi-dom.md\/product\/vaza-chakra-booty\/"},"modified":"2026-02-10T14:30:11","modified_gmt":"2026-02-10T11:30:11","slug":"vaza-chakra-booty","status":"publish","type":"product","link":"https:\/\/moi-dom.md\/ro\/produs\/vaza-chakra-booty\/","title":{"rendered":"Vaza Chakra Booty"},"content":{"rendered":"<p>Vaza ceramic\u0103 Chakra Booty cu o form\u0103 expresiv\u0103. Un accent decorativ \u00eendr\u0103zne\u021b pentru interior, care atrage aten\u021bia \u0219i subliniaz\u0103 stilul individual al spa\u021biului. Potrivit\u0103 pentru flori \u0219i ca obiect de art\u0103 independent.  <\/p>\n","protected":false},"excerpt":{"rendered":"<p>Vaz\u0103 decorativ\u0103 din ceramic\u0103 cu o form\u0103 expresiv\u0103.<\/p>\n","protected":false},"featured_media":9091,"template":"","meta":[],"product_brand":[],"product_cat":[237,675],"product_tag":[],"class_list":{"0":"post-9162","1":"product","2":"type-product","3":"status-publish","4":"has-post-thumbnail","6":"product_cat-dekor-dlya-doma","7":"product_cat-vazy","8":"pa_brand-edg-enzo-de-gasperi","9":"pa_color-black","10":"pa_material-594","11":"pa_shape-684","12":"pa_size-27x20x165-","14":"first","15":"instock","16":"shipping-taxable","17":"purchasable","18":"product-type-simple"},"_links":{"self":[{"href":"https:\/\/moi-dom.md\/ro\/wp-json\/wp\/v2\/product\/9162","targetHints":{"allow":["GET"]}}],"collection":[{"href":"https:\/\/moi-dom.md\/ro\/wp-json\/wp\/v2\/product"}],"about":[{"href":"https:\/\/moi-dom.md\/ro\/wp-json\/wp\/v2\/types\/product"}],"version-history":[{"count":0,"href":"https:\/\/moi-dom.md\/ro\/wp-json\/wp\/v2\/product\/9162\/revisions"}],"wp:featuredmedia":[{"embeddable":true,"href":"https:\/\/moi-dom.md\/ro\/wp-json\/wp\/v2\/media\/9091"}],"wp:attachment":[{"href":"https:\/\/moi-dom.md\/ro\/wp-json\/wp\/v2\/media?parent=9162"}],"wp:term":[{"taxonomy":"product_brand","embeddable":true,"href":"https:\/\/moi-dom.md\/ro\/wp-json\/wp\/v2\/product_brand?post=9162"},{"taxonomy":"product_cat","embeddable":true,"href":"https:\/\/moi-dom.md\/ro\/wp-json\/wp\/v2\/product_cat?post=9162"},{"taxonomy":"product_tag","embeddable":true,"href":"https:\/\/moi-dom.md\/ro\/wp-json\/wp\/v2\/product_tag?post=9162"}],"curies":[{"name":"wp","href":"https:\/\/api.w.org\/{rel}","templated":true}]}}