{"id":9154,"date":"2026-02-10T14:20:56","date_gmt":"2026-02-10T11:20:56","guid":{"rendered":"https:\/\/moi-dom.md\/product\/vaza-testa-sicily\/"},"modified":"2026-02-10T14:20:56","modified_gmt":"2026-02-10T11:20:56","slug":"vaza-testa-sicily","status":"publish","type":"product","link":"https:\/\/moi-dom.md\/ro\/produs\/vaza-testa-sicily\/","title":{"rendered":"Vaza Testa Sicily"},"content":{"rendered":"<p>Vaza ceramic\u0103 Testa Sicily, inspirat\u0103 din motive siciliene. Forma figurativ\u0103 \u0219i culorile intense o fac un element decorativ expresiv pentru interior. Potrivit\u0103 pentru flori \u0219i ca accent independent.  <\/p>\n","protected":false},"excerpt":{"rendered":"<p>Vaz\u0103 decorativ\u0103 din ceramic\u0103 \u00een form\u0103 de cap. Un accent luminos pentru interior. <\/p>\n","protected":false},"featured_media":9089,"template":"","meta":[],"product_brand":[],"product_cat":[247,676],"product_tag":[],"class_list":{"0":"post-9154","1":"product","2":"type-product","3":"status-publish","4":"has-post-thumbnail","6":"product_cat-decor-pentru-casa","7":"product_cat-vaze","8":"pa_brand-edg-enzo-de-gasperi","9":"pa_color-verde","10":"pa_material-ceramica","11":"pa_shape-figurata","12":"pa_size-o15x22-cm","14":"first","15":"instock","16":"shipping-taxable","17":"purchasable","18":"product-type-simple"},"_links":{"self":[{"href":"https:\/\/moi-dom.md\/ro\/wp-json\/wp\/v2\/product\/9154","targetHints":{"allow":["GET"]}}],"collection":[{"href":"https:\/\/moi-dom.md\/ro\/wp-json\/wp\/v2\/product"}],"about":[{"href":"https:\/\/moi-dom.md\/ro\/wp-json\/wp\/v2\/types\/product"}],"version-history":[{"count":0,"href":"https:\/\/moi-dom.md\/ro\/wp-json\/wp\/v2\/product\/9154\/revisions"}],"wp:featuredmedia":[{"embeddable":true,"href":"https:\/\/moi-dom.md\/ro\/wp-json\/wp\/v2\/media\/9089"}],"wp:attachment":[{"href":"https:\/\/moi-dom.md\/ro\/wp-json\/wp\/v2\/media?parent=9154"}],"wp:term":[{"taxonomy":"product_brand","embeddable":true,"href":"https:\/\/moi-dom.md\/ro\/wp-json\/wp\/v2\/product_brand?post=9154"},{"taxonomy":"product_cat","embeddable":true,"href":"https:\/\/moi-dom.md\/ro\/wp-json\/wp\/v2\/product_cat?post=9154"},{"taxonomy":"product_tag","embeddable":true,"href":"https:\/\/moi-dom.md\/ro\/wp-json\/wp\/v2\/product_tag?post=9154"}],"curies":[{"name":"wp","href":"https:\/\/api.w.org\/{rel}","templated":true}]}}