{"id":9142,"date":"2026-02-10T13:55:21","date_gmt":"2026-02-10T10:55:21","guid":{"rendered":"https:\/\/moi-dom.md\/product\/vaza-lady-peru\/"},"modified":"2026-02-10T14:14:17","modified_gmt":"2026-02-10T11:14:17","slug":"vaza-lady-peru","status":"publish","type":"product","link":"https:\/\/moi-dom.md\/ro\/produs\/vaza-lady-peru\/","title":{"rendered":"Vaza Lady Peru"},"content":{"rendered":"<p>Vaza Lady Peru este realizat\u0103 din ceramic\u0103 \u0219i decorat\u0103 sub forma unei siluete feminine stilizate. Este potrivit\u0103 pentru flori \u0219i ca element decorativ independent. Atrage aten\u021bia \u0219i confer\u0103 personalitate interiorului.  <\/p>\n","protected":false},"excerpt":{"rendered":"<p>Vaz\u0103 decorativ\u0103 din ceramic\u0103 \u00een form\u0103 de bust feminin. Un accent spectaculos pentru interior. <\/p>\n","protected":false},"featured_media":9090,"template":"","meta":[],"product_brand":[],"product_cat":[247,676],"product_tag":[],"class_list":{"0":"post-9142","1":"product","2":"type-product","3":"status-publish","4":"has-post-thumbnail","6":"product_cat-decor-pentru-casa","7":"product_cat-vaze","8":"pa_brand-edg-enzo-de-gasperi","9":"pa_color-multicolor","10":"pa_material-ceramica","11":"pa_shape-figurata","12":"pa_size-31x22x17-cm","14":"first","15":"instock","16":"shipping-taxable","17":"purchasable","18":"product-type-simple"},"_links":{"self":[{"href":"https:\/\/moi-dom.md\/ro\/wp-json\/wp\/v2\/product\/9142","targetHints":{"allow":["GET"]}}],"collection":[{"href":"https:\/\/moi-dom.md\/ro\/wp-json\/wp\/v2\/product"}],"about":[{"href":"https:\/\/moi-dom.md\/ro\/wp-json\/wp\/v2\/types\/product"}],"version-history":[{"count":1,"href":"https:\/\/moi-dom.md\/ro\/wp-json\/wp\/v2\/product\/9142\/revisions"}],"predecessor-version":[{"id":9145,"href":"https:\/\/moi-dom.md\/ro\/wp-json\/wp\/v2\/product\/9142\/revisions\/9145"}],"wp:featuredmedia":[{"embeddable":true,"href":"https:\/\/moi-dom.md\/ro\/wp-json\/wp\/v2\/media\/9090"}],"wp:attachment":[{"href":"https:\/\/moi-dom.md\/ro\/wp-json\/wp\/v2\/media?parent=9142"}],"wp:term":[{"taxonomy":"product_brand","embeddable":true,"href":"https:\/\/moi-dom.md\/ro\/wp-json\/wp\/v2\/product_brand?post=9142"},{"taxonomy":"product_cat","embeddable":true,"href":"https:\/\/moi-dom.md\/ro\/wp-json\/wp\/v2\/product_cat?post=9142"},{"taxonomy":"product_tag","embeddable":true,"href":"https:\/\/moi-dom.md\/ro\/wp-json\/wp\/v2\/product_tag?post=9142"}],"curies":[{"name":"wp","href":"https:\/\/api.w.org\/{rel}","templated":true}]}}