{"id":9141,"date":"2026-02-10T13:49:49","date_gmt":"2026-02-10T10:49:49","guid":{"rendered":"https:\/\/moi-dom.md\/product\/vaza-balze-svasato\/"},"modified":"2026-02-10T14:14:38","modified_gmt":"2026-02-10T11:14:38","slug":"vaza-balze-svasato","status":"publish","type":"product","link":"https:\/\/moi-dom.md\/ro\/produs\/vaza-balze-svasato\/","title":{"rendered":"Vaza Balze Svasato"},"content":{"rendered":"<p>Vaza Balze Svasato este realizat\u0103 din sticl\u0103 \u0219i se remarc\u0103 prin forma expresiv\u0103 cu marginea ondulat\u0103. Va deveni un element de accent \u00een interiorul sufrageriei, al s\u0103lii de mese sau al dormitorului. Arat\u0103 spectaculos at\u00e2t cu flori, c\u00e2t \u0219i f\u0103r\u0103.  <\/p>\n","protected":false},"excerpt":{"rendered":"<p>Vaz\u0103 decorativ\u0103 din sticl\u0103 cu marginea ondulat\u0103. Potrivit\u0103 pentru flori \u0219i ca accent decorativ independent. <\/p>\n","protected":false},"featured_media":9084,"template":"","meta":[],"product_brand":[],"product_cat":[247,676],"product_tag":[],"class_list":{"0":"post-9141","1":"product","2":"type-product","3":"status-publish","4":"has-post-thumbnail","6":"product_cat-decor-pentru-casa","7":"product_cat-vaze","8":"pa_brand-edg-enzo-de-gasperi","9":"pa_color-pink","10":"pa_material-sticla","11":"pa_shape-asimetrica","12":"pa_size-o405x34-cm","14":"first","15":"instock","16":"shipping-taxable","17":"purchasable","18":"product-type-simple"},"_links":{"self":[{"href":"https:\/\/moi-dom.md\/ro\/wp-json\/wp\/v2\/product\/9141","targetHints":{"allow":["GET"]}}],"collection":[{"href":"https:\/\/moi-dom.md\/ro\/wp-json\/wp\/v2\/product"}],"about":[{"href":"https:\/\/moi-dom.md\/ro\/wp-json\/wp\/v2\/types\/product"}],"version-history":[{"count":1,"href":"https:\/\/moi-dom.md\/ro\/wp-json\/wp\/v2\/product\/9141\/revisions"}],"predecessor-version":[{"id":9146,"href":"https:\/\/moi-dom.md\/ro\/wp-json\/wp\/v2\/product\/9141\/revisions\/9146"}],"wp:featuredmedia":[{"embeddable":true,"href":"https:\/\/moi-dom.md\/ro\/wp-json\/wp\/v2\/media\/9084"}],"wp:attachment":[{"href":"https:\/\/moi-dom.md\/ro\/wp-json\/wp\/v2\/media?parent=9141"}],"wp:term":[{"taxonomy":"product_brand","embeddable":true,"href":"https:\/\/moi-dom.md\/ro\/wp-json\/wp\/v2\/product_brand?post=9141"},{"taxonomy":"product_cat","embeddable":true,"href":"https:\/\/moi-dom.md\/ro\/wp-json\/wp\/v2\/product_cat?post=9141"},{"taxonomy":"product_tag","embeddable":true,"href":"https:\/\/moi-dom.md\/ro\/wp-json\/wp\/v2\/product_tag?post=9141"}],"curies":[{"name":"wp","href":"https:\/\/api.w.org\/{rel}","templated":true}]}}