{"id":9140,"date":"2026-02-10T13:37:14","date_gmt":"2026-02-10T10:37:14","guid":{"rendered":"https:\/\/moi-dom.md\/product\/vaza-fenice-pigna-pe-picior\/"},"modified":"2026-02-10T13:37:14","modified_gmt":"2026-02-10T10:37:14","slug":"vaza-fenice-pigna-pe-picior","status":"publish","type":"product","link":"https:\/\/moi-dom.md\/ro\/produs\/vaza-fenice-pigna-pe-picior\/","title":{"rendered":"Vaza Fenice Pigna pe picior"},"content":{"rendered":"<p>Vaza ceramic\u0103 Fenice Pigna cu textur\u0103 expresiv\u0103 \u0219i finisaj lucios. Potrivit\u0103 pentru compozi\u021bii decorative, decorarea mesei sau ca obiect de interior independent. Se potrive\u0219te perfect \u00een interioare moderne \u0219i clasice.  <\/p>\n","protected":false},"excerpt":{"rendered":"<p>Vaz\u0103 decorativ\u0103 din ceramic\u0103 pe picior, cu textur\u0103 \u00een relief. Un accent spectaculos pentru decorarea mesei sau a interiorului. <\/p>\n","protected":false},"featured_media":9083,"template":"","meta":[],"product_brand":[],"product_cat":[247,676],"product_tag":[],"class_list":{"0":"post-9140","1":"product","2":"type-product","3":"status-publish","4":"has-post-thumbnail","6":"product_cat-decor-pentru-casa","7":"product_cat-vaze","8":"pa_brand-edg-enzo-de-gasperi","9":"pa_color-gold","10":"pa_material-ceramica","11":"pa_shape-rotunda","12":"pa_size-o28x245-cm","14":"first","15":"instock","16":"shipping-taxable","17":"purchasable","18":"product-type-simple"},"_links":{"self":[{"href":"https:\/\/moi-dom.md\/ro\/wp-json\/wp\/v2\/product\/9140","targetHints":{"allow":["GET"]}}],"collection":[{"href":"https:\/\/moi-dom.md\/ro\/wp-json\/wp\/v2\/product"}],"about":[{"href":"https:\/\/moi-dom.md\/ro\/wp-json\/wp\/v2\/types\/product"}],"version-history":[{"count":0,"href":"https:\/\/moi-dom.md\/ro\/wp-json\/wp\/v2\/product\/9140\/revisions"}],"wp:featuredmedia":[{"embeddable":true,"href":"https:\/\/moi-dom.md\/ro\/wp-json\/wp\/v2\/media\/9083"}],"wp:attachment":[{"href":"https:\/\/moi-dom.md\/ro\/wp-json\/wp\/v2\/media?parent=9140"}],"wp:term":[{"taxonomy":"product_brand","embeddable":true,"href":"https:\/\/moi-dom.md\/ro\/wp-json\/wp\/v2\/product_brand?post=9140"},{"taxonomy":"product_cat","embeddable":true,"href":"https:\/\/moi-dom.md\/ro\/wp-json\/wp\/v2\/product_cat?post=9140"},{"taxonomy":"product_tag","embeddable":true,"href":"https:\/\/moi-dom.md\/ro\/wp-json\/wp\/v2\/product_tag?post=9140"}],"curies":[{"name":"wp","href":"https:\/\/api.w.org\/{rel}","templated":true}]}}